{"id":13677,"date":"2023-03-08T14:00:32","date_gmt":"2023-03-08T14:00:32","guid":{"rendered":"https:\/\/www.camillemassida.com\/?post_type=product&#038;p=13677"},"modified":"2023-06-30T16:09:44","modified_gmt":"2023-06-30T16:09:44","slug":"stolen-moment-94","status":"publish","type":"product","link":"https:\/\/www.camillemassida.com\/fr\/tirage\/stolen-moment-94\/","title":{"rendered":"STOLEN MOMENT"},"content":{"rendered":"<p><span style=\"vertical-align: inherit;\"><span style=\"vertical-align: inherit;\">FINE ART PRINT : Tirage argentique sur lambda.<\/span><\/span><\/p>\n<p><span style=\"vertical-align: inherit;\"><span style=\"vertical-align: inherit;\">ENCADREMENT D&#8217;ART EN BOIS : R\u00e9compensant et haut de gamme et sur mesure. <\/span><span style=\"vertical-align: inherit;\">Un passe-partout biseaut\u00e9 \u00e9pais, certifi\u00e9 sans acide, cr\u00e9e une profondeur remarquable mettant en valeur votre image.<\/span><\/span><\/p>\n<p><span style=\"vertical-align: inherit;\"><span style=\"vertical-align: inherit;\">IMPRIME PLAQUE ARGENTE : Un v\u00e9ritable tirage plac\u00e9 sous verre acrylique, une prestation haut de gamme qui donne un effet de contraste, de brillance et de profondeur in\u00e9gal\u00e9 \u00e0 vos images.<\/span><\/span><\/p>\n<p>&nbsp;<\/p>","protected":false},"excerpt":{"rendered":"<p>FINE ART PRINT : Tirage argentique sur lambda. ENCADREMENT D&#8217;ART EN BOIS : R\u00e9compensant et haut de gamme et sur mesure. Un passe-partout biseaut\u00e9 \u00e9pais, certifi\u00e9 sans acide, cr\u00e9e une profondeur remarquable mettant en valeur votre image. IMPRIME PLAQUE ARGENTE : Un v\u00e9ritable tirage plac\u00e9 sous verre acrylique, une prestation haut de gamme qui donne&hellip;&nbsp;<a href=\"https:\/\/www.camillemassida.com\/fr\/tirage\/stolen-moment-94\/\" class=\"\" rel=\"bookmark\">Lire la suite &raquo;<span class=\"screen-reader-text\">STOLEN MOMENT<\/span><\/a><\/p>","protected":false},"featured_media":3179,"template":"","meta":{"neve_meta_sidebar":"","neve_meta_container":"","neve_meta_enable_content_width":"off","neve_meta_content_width":100,"neve_meta_title_alignment":"","neve_meta_author_avatar":"","neve_post_elements_order":"","neve_meta_disable_header":"","neve_meta_disable_footer":"","neve_meta_disable_title":""},"product_cat":[107],"product_tag":[],"_links":{"self":[{"href":"https:\/\/www.camillemassida.com\/fr\/wp-json\/wp\/v2\/product\/13677"}],"collection":[{"href":"https:\/\/www.camillemassida.com\/fr\/wp-json\/wp\/v2\/product"}],"about":[{"href":"https:\/\/www.camillemassida.com\/fr\/wp-json\/wp\/v2\/types\/product"}],"version-history":[{"count":1,"href":"https:\/\/www.camillemassida.com\/fr\/wp-json\/wp\/v2\/product\/13677\/revisions"}],"predecessor-version":[{"id":13690,"href":"https:\/\/www.camillemassida.com\/fr\/wp-json\/wp\/v2\/product\/13677\/revisions\/13690"}],"wp:featuredmedia":[{"embeddable":true,"href":"https:\/\/www.camillemassida.com\/fr\/wp-json\/wp\/v2\/media\/3179"}],"wp:attachment":[{"href":"https:\/\/www.camillemassida.com\/fr\/wp-json\/wp\/v2\/media?parent=13677"}],"wp:term":[{"taxonomy":"product_cat","embeddable":true,"href":"https:\/\/www.camillemassida.com\/fr\/wp-json\/wp\/v2\/product_cat?post=13677"},{"taxonomy":"product_tag","embeddable":true,"href":"https:\/\/www.camillemassida.com\/fr\/wp-json\/wp\/v2\/product_tag?post=13677"}],"curies":[{"name":"wp","href":"https:\/\/api.w.org\/{rel}","templated":true}]}}