{"id":81,"date":"2023-01-17T15:07:54","date_gmt":"2023-01-17T15:07:54","guid":{"rendered":"https:\/\/www.camillemassida.com\/?page_id=81"},"modified":"2023-03-01T09:28:08","modified_gmt":"2023-03-01T09:28:08","slug":"exposition-art-nou-millenni","status":"publish","type":"page","link":"https:\/\/www.camillemassida.com\/fr\/exposition-art-nou-millenni\/","title":{"rendered":"EXPOSITION ART NOU MILLENNI"},"content":{"rendered":"<div data-elementor-type=\"wp-page\" data-elementor-id=\"81\" class=\"elementor elementor-81\" data-elementor-post-type=\"page\">\n\t\t\t\t\t\t<section class=\"elementor-section elementor-top-section elementor-element elementor-element-7b549d6 elementor-section-boxed elementor-section-height-default elementor-section-height-default\" data-id=\"7b549d6\" data-element_type=\"section\">\n\t\t\t\t\t\t<div class=\"elementor-container elementor-column-gap-default\">\n\t\t\t\t\t<div class=\"elementor-column elementor-col-100 elementor-top-column elementor-element elementor-element-ecaa63c\" data-id=\"ecaa63c\" data-element_type=\"column\">\n\t\t\t<div class=\"elementor-widget-wrap elementor-element-populated\">\n\t\t\t\t\t\t<div class=\"elementor-element elementor-element-08a868a elementor-widget elementor-widget-spacer\" data-id=\"08a868a\" data-element_type=\"widget\" data-widget_type=\"spacer.default\">\n\t\t\t\t<div class=\"elementor-widget-container\">\n\t\t\t<style>\/*! elementor - v3.20.0 - 20-03-2024 *\/\n.elementor-column .elementor-spacer-inner{height:var(--spacer-size)}.e-con{--container-widget-width:100%}.e-con-inner>.elementor-widget-spacer,.e-con>.elementor-widget-spacer{width:var(--container-widget-width,var(--spacer-size));--align-self:var(--container-widget-align-self,initial);--flex-shrink:0}.e-con-inner>.elementor-widget-spacer>.elementor-widget-container,.e-con>.elementor-widget-spacer>.elementor-widget-container{height:100%;width:100%}.e-con-inner>.elementor-widget-spacer>.elementor-widget-container>.elementor-spacer,.e-con>.elementor-widget-spacer>.elementor-widget-container>.elementor-spacer{height:100%}.e-con-inner>.elementor-widget-spacer>.elementor-widget-container>.elementor-spacer>.elementor-spacer-inner,.e-con>.elementor-widget-spacer>.elementor-widget-container>.elementor-spacer>.elementor-spacer-inner{height:var(--container-widget-height,var(--spacer-size))}.e-con-inner>.elementor-widget-spacer.elementor-widget-empty,.e-con>.elementor-widget-spacer.elementor-widget-empty{position:relative;min-height:22px;min-width:22px}.e-con-inner>.elementor-widget-spacer.elementor-widget-empty .elementor-widget-empty-icon,.e-con>.elementor-widget-spacer.elementor-widget-empty .elementor-widget-empty-icon{position:absolute;top:0;bottom:0;left:0;right:0;margin:auto;padding:0;width:22px;height:22px}<\/style>\t\t<div class=\"elementor-spacer\">\n\t\t\t<div class=\"elementor-spacer-inner\"><\/div>\n\t\t<\/div>\n\t\t\t\t<\/div>\n\t\t\t\t<\/div>\n\t\t\t\t\t<\/div>\n\t\t<\/div>\n\t\t\t\t\t<\/div>\n\t\t<\/section>\n\t\t\t\t<section class=\"elementor-section elementor-top-section elementor-element elementor-element-2ebd19a elementor-section-boxed elementor-section-height-default elementor-section-height-default\" data-id=\"2ebd19a\" data-element_type=\"section\">\n\t\t\t\t\t\t<div class=\"elementor-container elementor-column-gap-default\">\n\t\t\t\t\t<div class=\"elementor-column elementor-col-100 elementor-top-column elementor-element elementor-element-fcaba9b\" data-id=\"fcaba9b\" data-element_type=\"column\">\n\t\t\t<div class=\"elementor-widget-wrap elementor-element-populated\">\n\t\t\t\t\t\t<div class=\"elementor-element elementor-element-9ba5094 elementor-widget elementor-widget-e_image_hover_effects\" data-id=\"9ba5094\" data-element_type=\"widget\" data-widget_type=\"e_image_hover_effects.default\">\n\t\t\t\t<div class=\"elementor-widget-container\">\n\t\t\t\t\t\t<a href=\"https:\/\/www.artnoumillenni.com\/art\/\" target=\"_blank\" rel=\"noopener\">\n\t\t\t\t\t<div class=\"eihe-box eihe-fade-in-up eihe_center\">\n\t\t\t\t<img fetchpriority=\"high\" decoding=\"async\" width=\"2560\" height=\"1707\" src=\"https:\/\/www.camillemassida.com\/wp-content\/uploads\/2023\/01\/ROAD TRIP IN THE USA\/CM_20190825_1645-scaled.jpg\" class=\"attachment-full size-full wp-image-2610\" alt=\"Exhibit Art Nou Millenni and Echo,\" srcset=\"https:\/\/www.camillemassida.com\/wp-content\/uploads\/2023\/01\/ROAD%20TRIP%20IN%20THE%20USA\/CM_20190825_1645-scaled.jpg 2560w, https:\/\/www.camillemassida.com\/wp-content\/uploads\/2023\/01\/ROAD%20TRIP%20IN%20THE%20USA\/CM_20190825_1645-scaled-600x400.jpg 600w, https:\/\/www.camillemassida.com\/wp-content\/uploads\/2023\/01\/ROAD%20TRIP%20IN%20THE%20USA\/CM_20190825_1645-300x200.jpg 300w, https:\/\/www.camillemassida.com\/wp-content\/uploads\/2023\/01\/ROAD%20TRIP%20IN%20THE%20USA\/CM_20190825_1645-1024x683.jpg 1024w, https:\/\/www.camillemassida.com\/wp-content\/uploads\/2023\/01\/ROAD%20TRIP%20IN%20THE%20USA\/CM_20190825_1645-768x512.jpg 768w, https:\/\/www.camillemassida.com\/wp-content\/uploads\/2023\/01\/ROAD%20TRIP%20IN%20THE%20USA\/CM_20190825_1645-1536x1024.jpg 1536w, https:\/\/www.camillemassida.com\/wp-content\/uploads\/2023\/01\/ROAD%20TRIP%20IN%20THE%20USA\/CM_20190825_1645-2048x1366.jpg 2048w, https:\/\/www.camillemassida.com\/wp-content\/uploads\/2023\/01\/ROAD%20TRIP%20IN%20THE%20USA\/CM_20190825_1645-18x12.jpg 18w, https:\/\/www.camillemassida.com\/wp-content\/uploads\/2023\/01\/ROAD%20TRIP%20IN%20THE%20USA\/CM_20190825_1645-930x620.jpg 930w\" sizes=\"(max-width: 2560px) 100vw, 2560px\" \/>\t\t\t\t<div class=\"eihe-caption\">\n\t\t\t\t\t<div class=\"eihe-title-cover\">\n\t\t\t\t\t\t\t\t\t\t\t\t<h3 class=\"eihe-title\">EXPOSITION ART NOU MILLENNI<\/h3>\n\t\t\t\t\t\t\t\t\t\t\t<\/div>\n\t\t\t\t\t<p>Part of a collective exhibition at ART NOU MILLENNI Gallery in Barcelona \n<br>14th to 28th July 2022. <\/p>\n\t\t\t\t<\/div>\n\t\t\t<\/div>\n\t\t\t\t\t<\/a>\n\t\t\t\t<\/div>\n\t\t\t\t<\/div>\n\t\t\t\t\t<\/div>\n\t\t<\/div>\n\t\t\t\t\t<\/div>\n\t\t<\/section>\n\t\t\t\t<section class=\"elementor-section elementor-top-section elementor-element elementor-element-af8bfda elementor-section-boxed elementor-section-height-default elementor-section-height-default\" data-id=\"af8bfda\" data-element_type=\"section\">\n\t\t\t\t\t\t<div class=\"elementor-container elementor-column-gap-default\">\n\t\t\t\t\t<div class=\"elementor-column elementor-col-100 elementor-top-column elementor-element elementor-element-77432e5\" data-id=\"77432e5\" data-element_type=\"column\">\n\t\t\t<div class=\"elementor-widget-wrap elementor-element-populated\">\n\t\t\t\t\t\t<div class=\"elementor-element elementor-element-3e08044 elementor-widget elementor-widget-text-editor\" data-id=\"3e08044\" data-element_type=\"widget\" data-widget_type=\"text-editor.default\">\n\t\t\t\t<div class=\"elementor-widget-container\">\n\t\t\t<style>\/*! elementor - v3.20.0 - 20-03-2024 *\/\n.elementor-widget-text-editor.elementor-drop-cap-view-stacked .elementor-drop-cap{background-color:#69727d;color:#fff}.elementor-widget-text-editor.elementor-drop-cap-view-framed .elementor-drop-cap{color:#69727d;border:3px solid;background-color:transparent}.elementor-widget-text-editor:not(.elementor-drop-cap-view-default) .elementor-drop-cap{margin-top:8px}.elementor-widget-text-editor:not(.elementor-drop-cap-view-default) .elementor-drop-cap-letter{width:1em;height:1em}.elementor-widget-text-editor .elementor-drop-cap{float:left;text-align:center;line-height:1;font-size:50px}.elementor-widget-text-editor .elementor-drop-cap-letter{display:inline-block}<\/style>\t\t\t\t<p><strong>Participation \u00e0 une exposition collective \u00e0 Barcelone o\u00f9 3 de mes photographies \u00e9taient expos\u00e9es.<\/strong><\/p>\t\t\t\t\t\t<\/div>\n\t\t\t\t<\/div>\n\t\t\t\t\t<\/div>\n\t\t<\/div>\n\t\t\t\t\t<\/div>\n\t\t<\/section>\n\t\t\t\t<section class=\"elementor-section elementor-top-section elementor-element elementor-element-ab3b825 elementor-section-boxed elementor-section-height-default elementor-section-height-default\" data-id=\"ab3b825\" data-element_type=\"section\">\n\t\t\t\t\t\t<div class=\"elementor-container elementor-column-gap-default\">\n\t\t\t\t\t<div class=\"elementor-column elementor-col-100 elementor-top-column elementor-element elementor-element-60875ae\" data-id=\"60875ae\" data-element_type=\"column\">\n\t\t\t<div class=\"elementor-widget-wrap elementor-element-populated\">\n\t\t\t\t\t\t<div class=\"elementor-element elementor-element-acb8416 elementor-widget elementor-widget-image\" data-id=\"acb8416\" data-element_type=\"widget\" data-widget_type=\"image.default\">\n\t\t\t\t<div class=\"elementor-widget-container\">\n\t\t\t<style>\/*! elementor - v3.20.0 - 20-03-2024 *\/\n.elementor-widget-image{text-align:center}.elementor-widget-image a{display:inline-block}.elementor-widget-image a img[src$=\".svg\"]{width:48px}.elementor-widget-image img{vertical-align:middle;display:inline-block}<\/style>\t\t\t\t\t\t\t\t\t\t<img decoding=\"async\" width=\"2560\" height=\"1707\" src=\"https:\/\/www.camillemassida.com\/wp-content\/uploads\/2023\/01\/1.SPECIAL PLACE CALLED HOME\/CM_20210213_0208-scaled.jpg\" class=\"attachment-full size-full wp-image-2031\" alt=\"Tales of the Djibouti By Camille Massida\" srcset=\"https:\/\/www.camillemassida.com\/wp-content\/uploads\/2023\/01\/1.SPECIAL%20PLACE%20CALLED%20HOME\/CM_20210213_0208-scaled.jpg 2560w, https:\/\/www.camillemassida.com\/wp-content\/uploads\/2023\/01\/1.SPECIAL%20PLACE%20CALLED%20HOME\/CM_20210213_0208-scaled-600x400.jpg 600w, https:\/\/www.camillemassida.com\/wp-content\/uploads\/2023\/01\/1.SPECIAL%20PLACE%20CALLED%20HOME\/CM_20210213_0208-300x200.jpg 300w, https:\/\/www.camillemassida.com\/wp-content\/uploads\/2023\/01\/1.SPECIAL%20PLACE%20CALLED%20HOME\/CM_20210213_0208-1024x683.jpg 1024w, https:\/\/www.camillemassida.com\/wp-content\/uploads\/2023\/01\/1.SPECIAL%20PLACE%20CALLED%20HOME\/CM_20210213_0208-768x512.jpg 768w, https:\/\/www.camillemassida.com\/wp-content\/uploads\/2023\/01\/1.SPECIAL%20PLACE%20CALLED%20HOME\/CM_20210213_0208-1536x1024.jpg 1536w, https:\/\/www.camillemassida.com\/wp-content\/uploads\/2023\/01\/1.SPECIAL%20PLACE%20CALLED%20HOME\/CM_20210213_0208-2048x1365.jpg 2048w, https:\/\/www.camillemassida.com\/wp-content\/uploads\/2023\/01\/1.SPECIAL%20PLACE%20CALLED%20HOME\/CM_20210213_0208-18x12.jpg 18w, https:\/\/www.camillemassida.com\/wp-content\/uploads\/2023\/01\/1.SPECIAL%20PLACE%20CALLED%20HOME\/CM_20210213_0208-930x620.jpg 930w\" sizes=\"(max-width: 2560px) 100vw, 2560px\" \/>\t\t\t\t\t\t\t\t\t\t\t\t\t<\/div>\n\t\t\t\t<\/div>\n\t\t\t\t\t<\/div>\n\t\t<\/div>\n\t\t\t\t\t<\/div>\n\t\t<\/section>\n\t\t\t\t<section class=\"elementor-section elementor-top-section elementor-element elementor-element-8f19550 elementor-section-boxed elementor-section-height-default elementor-section-height-default\" data-id=\"8f19550\" data-element_type=\"section\">\n\t\t\t\t\t\t<div class=\"elementor-container elementor-column-gap-default\">\n\t\t\t\t\t<div class=\"elementor-column elementor-col-100 elementor-top-column elementor-element elementor-element-83fc875\" data-id=\"83fc875\" data-element_type=\"column\">\n\t\t\t<div class=\"elementor-widget-wrap elementor-element-populated\">\n\t\t\t\t\t\t<div class=\"elementor-element elementor-element-1c31102 elementor-widget elementor-widget-image\" data-id=\"1c31102\" data-element_type=\"widget\" data-widget_type=\"image.default\">\n\t\t\t\t<div class=\"elementor-widget-container\">\n\t\t\t\t\t\t\t\t\t\t\t\t\t<img decoding=\"async\" width=\"1707\" height=\"2560\" src=\"https:\/\/www.camillemassida.com\/wp-content\/uploads\/2023\/01\/EXPOSITION ART NOU MILLENNI\/SAND WAVES-scaled.jpg\" class=\"attachment-full size-full wp-image-2488\" alt=\"Exhibit Art Nou Millenni\" srcset=\"https:\/\/www.camillemassida.com\/wp-content\/uploads\/2023\/01\/EXPOSITION%20ART%20NOU%20MILLENNI\/SAND%20WAVES-scaled.jpg 1707w, https:\/\/www.camillemassida.com\/wp-content\/uploads\/2023\/01\/EXPOSITION%20ART%20NOU%20MILLENNI\/SAND%20WAVES-scaled-600x900.jpg 600w, https:\/\/www.camillemassida.com\/wp-content\/uploads\/2023\/01\/EXPOSITION%20ART%20NOU%20MILLENNI\/SAND%20WAVES-200x300.jpg 200w, https:\/\/www.camillemassida.com\/wp-content\/uploads\/2023\/01\/EXPOSITION%20ART%20NOU%20MILLENNI\/SAND%20WAVES-683x1024.jpg 683w, https:\/\/www.camillemassida.com\/wp-content\/uploads\/2023\/01\/EXPOSITION%20ART%20NOU%20MILLENNI\/SAND%20WAVES-768x1152.jpg 768w, https:\/\/www.camillemassida.com\/wp-content\/uploads\/2023\/01\/EXPOSITION%20ART%20NOU%20MILLENNI\/SAND%20WAVES-1024x1536.jpg 1024w, https:\/\/www.camillemassida.com\/wp-content\/uploads\/2023\/01\/EXPOSITION%20ART%20NOU%20MILLENNI\/SAND%20WAVES-1365x2048.jpg 1365w, https:\/\/www.camillemassida.com\/wp-content\/uploads\/2023\/01\/EXPOSITION%20ART%20NOU%20MILLENNI\/SAND%20WAVES-8x12.jpg 8w\" sizes=\"(max-width: 1707px) 100vw, 1707px\" \/>\t\t\t\t\t\t\t\t\t\t\t\t\t<\/div>\n\t\t\t\t<\/div>\n\t\t\t\t\t<\/div>\n\t\t<\/div>\n\t\t\t\t\t<\/div>\n\t\t<\/section>\n\t\t\t\t<section class=\"elementor-section elementor-top-section elementor-element elementor-element-1193f80 elementor-section-boxed elementor-section-height-default elementor-section-height-default\" data-id=\"1193f80\" data-element_type=\"section\">\n\t\t\t\t\t\t<div class=\"elementor-container elementor-column-gap-default\">\n\t\t\t\t\t<div class=\"elementor-column elementor-col-50 elementor-top-column elementor-element elementor-element-54418fc\" data-id=\"54418fc\" data-element_type=\"column\">\n\t\t\t<div class=\"elementor-widget-wrap elementor-element-populated\">\n\t\t\t\t\t\t<div class=\"elementor-element elementor-element-d3f8739 elementor-widget elementor-widget-image\" data-id=\"d3f8739\" data-element_type=\"widget\" data-widget_type=\"image.default\">\n\t\t\t\t<div class=\"elementor-widget-container\">\n\t\t\t\t\t\t\t\t\t\t\t\t\t<img loading=\"lazy\" decoding=\"async\" width=\"768\" height=\"1024\" src=\"https:\/\/www.camillemassida.com\/wp-content\/uploads\/2023\/03\/IMG_6563-768x1024.jpg\" class=\"attachment-large size-large wp-image-10128\" alt=\"Exhibit Art Nou Millenni Camille Massida Photography\" srcset=\"https:\/\/www.camillemassida.com\/wp-content\/uploads\/2023\/03\/IMG_6563-768x1024.jpg 768w, https:\/\/www.camillemassida.com\/wp-content\/uploads\/2023\/03\/IMG_6563-scaled-600x800.jpg 600w, https:\/\/www.camillemassida.com\/wp-content\/uploads\/2023\/03\/IMG_6563-225x300.jpg 225w, https:\/\/www.camillemassida.com\/wp-content\/uploads\/2023\/03\/IMG_6563-1152x1536.jpg 1152w, https:\/\/www.camillemassida.com\/wp-content\/uploads\/2023\/03\/IMG_6563-1536x2048.jpg 1536w, https:\/\/www.camillemassida.com\/wp-content\/uploads\/2023\/03\/IMG_6563-9x12.jpg 9w, https:\/\/www.camillemassida.com\/wp-content\/uploads\/2023\/03\/IMG_6563-1320x1760.jpg 1320w, https:\/\/www.camillemassida.com\/wp-content\/uploads\/2023\/03\/IMG_6563-scaled.jpg 1920w\" sizes=\"(max-width: 768px) 100vw, 768px\" \/>\t\t\t\t\t\t\t\t\t\t\t\t\t<\/div>\n\t\t\t\t<\/div>\n\t\t\t\t\t<\/div>\n\t\t<\/div>\n\t\t\t\t<div class=\"elementor-column elementor-col-50 elementor-top-column elementor-element elementor-element-b98be01\" data-id=\"b98be01\" data-element_type=\"column\">\n\t\t\t<div class=\"elementor-widget-wrap elementor-element-populated\">\n\t\t\t\t\t\t<div class=\"elementor-element elementor-element-66699c1 elementor-widget elementor-widget-image\" data-id=\"66699c1\" data-element_type=\"widget\" data-widget_type=\"image.default\">\n\t\t\t\t<div class=\"elementor-widget-container\">\n\t\t\t\t\t\t\t\t\t\t\t\t\t<img loading=\"lazy\" decoding=\"async\" width=\"1024\" height=\"726\" src=\"https:\/\/www.camillemassida.com\/wp-content\/uploads\/2023\/03\/IMG_6571-1024x726.jpg\" class=\"attachment-large size-large wp-image-10130\" alt=\"Exhibit Art Nou Millenni Camille Massida Photography\" srcset=\"https:\/\/www.camillemassida.com\/wp-content\/uploads\/2023\/03\/IMG_6571-1024x726.jpg 1024w, https:\/\/www.camillemassida.com\/wp-content\/uploads\/2023\/03\/IMG_6571-scaled-600x425.jpg 600w, https:\/\/www.camillemassida.com\/wp-content\/uploads\/2023\/03\/IMG_6571-300x213.jpg 300w, https:\/\/www.camillemassida.com\/wp-content\/uploads\/2023\/03\/IMG_6571-768x545.jpg 768w, https:\/\/www.camillemassida.com\/wp-content\/uploads\/2023\/03\/IMG_6571-1536x1089.jpg 1536w, https:\/\/www.camillemassida.com\/wp-content\/uploads\/2023\/03\/IMG_6571-2048x1452.jpg 2048w, https:\/\/www.camillemassida.com\/wp-content\/uploads\/2023\/03\/IMG_6571-18x12.jpg 18w, https:\/\/www.camillemassida.com\/wp-content\/uploads\/2023\/03\/IMG_6571-1320x936.jpg 1320w\" sizes=\"(max-width: 1024px) 100vw, 1024px\" \/>\t\t\t\t\t\t\t\t\t\t\t\t\t<\/div>\n\t\t\t\t<\/div>\n\t\t\t\t<div class=\"elementor-element elementor-element-97770a9 elementor-widget elementor-widget-image\" data-id=\"97770a9\" data-element_type=\"widget\" data-widget_type=\"image.default\">\n\t\t\t\t<div class=\"elementor-widget-container\">\n\t\t\t\t\t\t\t\t\t\t\t\t\t<img loading=\"lazy\" decoding=\"async\" width=\"1024\" height=\"768\" src=\"https:\/\/www.camillemassida.com\/wp-content\/uploads\/2023\/03\/IMG_6568-1024x768.jpg\" class=\"attachment-large size-large wp-image-10129\" alt=\"Exhibit Art Nou Millenni Camille Massida Photography\" srcset=\"https:\/\/www.camillemassida.com\/wp-content\/uploads\/2023\/03\/IMG_6568-1024x768.jpg 1024w, https:\/\/www.camillemassida.com\/wp-content\/uploads\/2023\/03\/IMG_6568-scaled-600x450.jpg 600w, https:\/\/www.camillemassida.com\/wp-content\/uploads\/2023\/03\/IMG_6568-300x225.jpg 300w, https:\/\/www.camillemassida.com\/wp-content\/uploads\/2023\/03\/IMG_6568-768x576.jpg 768w, https:\/\/www.camillemassida.com\/wp-content\/uploads\/2023\/03\/IMG_6568-1536x1152.jpg 1536w, https:\/\/www.camillemassida.com\/wp-content\/uploads\/2023\/03\/IMG_6568-2048x1536.jpg 2048w, https:\/\/www.camillemassida.com\/wp-content\/uploads\/2023\/03\/IMG_6568-16x12.jpg 16w, https:\/\/www.camillemassida.com\/wp-content\/uploads\/2023\/03\/IMG_6568-1320x990.jpg 1320w\" sizes=\"(max-width: 1024px) 100vw, 1024px\" \/>\t\t\t\t\t\t\t\t\t\t\t\t\t<\/div>\n\t\t\t\t<\/div>\n\t\t\t\t\t<\/div>\n\t\t<\/div>\n\t\t\t\t\t<\/div>\n\t\t<\/section>\n\t\t\t\t<section class=\"elementor-section elementor-top-section elementor-element elementor-element-75fbcdd elementor-section-boxed elementor-section-height-default elementor-section-height-default\" data-id=\"75fbcdd\" data-element_type=\"section\">\n\t\t\t\t\t\t<div class=\"elementor-container elementor-column-gap-default\">\n\t\t\t\t\t<div class=\"elementor-column elementor-col-50 elementor-top-column elementor-element elementor-element-39ccc2a\" data-id=\"39ccc2a\" data-element_type=\"column\">\n\t\t\t<div class=\"elementor-widget-wrap elementor-element-populated\">\n\t\t\t\t\t\t<div class=\"elementor-element elementor-element-fef44e0 elementor-widget elementor-widget-image\" data-id=\"fef44e0\" data-element_type=\"widget\" data-widget_type=\"image.default\">\n\t\t\t\t<div class=\"elementor-widget-container\">\n\t\t\t\t\t\t\t\t\t\t\t\t\t\t<a href=\"https:\/\/www.artnoumillenni.com\/art\/\" target=\"_blank\" rel=\"noopener\">\n\t\t\t\t\t\t\t<img loading=\"lazy\" decoding=\"async\" width=\"724\" height=\"1024\" src=\"https:\/\/www.camillemassida.com\/wp-content\/uploads\/2023\/01\/EXPOSITION ART NOU MILLENNI\/Invitacion Julio-724x1024.jpeg\" class=\"attachment-large size-large wp-image-2487\" alt=\"Exhibit Art Nou Millenni\" srcset=\"https:\/\/www.camillemassida.com\/wp-content\/uploads\/2023\/01\/EXPOSITION%20ART%20NOU%20MILLENNI\/Invitacion%20Julio-724x1024.jpeg 724w, https:\/\/www.camillemassida.com\/wp-content\/uploads\/2023\/01\/EXPOSITION%20ART%20NOU%20MILLENNI\/Invitacion%20Julio-600x849.jpeg 600w, https:\/\/www.camillemassida.com\/wp-content\/uploads\/2023\/01\/EXPOSITION%20ART%20NOU%20MILLENNI\/Invitacion%20Julio-212x300.jpeg 212w, https:\/\/www.camillemassida.com\/wp-content\/uploads\/2023\/01\/EXPOSITION%20ART%20NOU%20MILLENNI\/Invitacion%20Julio-768x1086.jpeg 768w, https:\/\/www.camillemassida.com\/wp-content\/uploads\/2023\/01\/EXPOSITION%20ART%20NOU%20MILLENNI\/Invitacion%20Julio-1086x1536.jpeg 1086w, https:\/\/www.camillemassida.com\/wp-content\/uploads\/2023\/01\/EXPOSITION%20ART%20NOU%20MILLENNI\/Invitacion%20Julio-8x12.jpeg 8w, https:\/\/www.camillemassida.com\/wp-content\/uploads\/2023\/01\/EXPOSITION%20ART%20NOU%20MILLENNI\/Invitacion%20Julio.jpeg 1448w\" sizes=\"(max-width: 724px) 100vw, 724px\" \/>\t\t\t\t\t\t\t\t<\/a>\n\t\t\t\t\t\t\t\t\t\t\t\t\t<\/div>\n\t\t\t\t<\/div>\n\t\t\t\t\t<\/div>\n\t\t<\/div>\n\t\t\t\t<div class=\"elementor-column elementor-col-50 elementor-top-column elementor-element elementor-element-3472053\" data-id=\"3472053\" data-element_type=\"column\">\n\t\t\t<div class=\"elementor-widget-wrap elementor-element-populated\">\n\t\t\t\t\t\t<div class=\"elementor-element elementor-element-30c1842 elementor-widget elementor-widget-video\" data-id=\"30c1842\" data-element_type=\"widget\" data-settings=\"{&quot;video_type&quot;:&quot;hosted&quot;,&quot;controls&quot;:&quot;yes&quot;}\" data-widget_type=\"video.default\">\n\t\t\t\t<div class=\"elementor-widget-container\">\n\t\t\t<style>\/*! elementor - v3.20.0 - 20-03-2024 *\/\n.elementor-widget-video .elementor-widget-container{overflow:hidden;transform:translateZ(0)}.elementor-widget-video .elementor-wrapper{aspect-ratio:var(--video-aspect-ratio)}.elementor-widget-video .elementor-wrapper iframe,.elementor-widget-video .elementor-wrapper video{height:100%;width:100%;display:flex;border:none;background-color:#000}@supports not (aspect-ratio:1\/1){.elementor-widget-video .elementor-wrapper{position:relative;overflow:hidden;height:0;padding-bottom:calc(100% \/ var(--video-aspect-ratio))}.elementor-widget-video .elementor-wrapper iframe,.elementor-widget-video .elementor-wrapper video{position:absolute;top:0;right:0;bottom:0;left:0}}.elementor-widget-video .elementor-open-inline .elementor-custom-embed-image-overlay{position:absolute;top:0;right:0;bottom:0;left:0;background-size:cover;background-position:50%}.elementor-widget-video .elementor-custom-embed-image-overlay{cursor:pointer;text-align:center}.elementor-widget-video .elementor-custom-embed-image-overlay:hover .elementor-custom-embed-play i{opacity:1}.elementor-widget-video .elementor-custom-embed-image-overlay img{display:block;width:100%;aspect-ratio:var(--video-aspect-ratio);-o-object-fit:cover;object-fit:cover;-o-object-position:center center;object-position:center center}@supports not (aspect-ratio:1\/1){.elementor-widget-video .elementor-custom-embed-image-overlay{position:relative;overflow:hidden;height:0;padding-bottom:calc(100% \/ var(--video-aspect-ratio))}.elementor-widget-video .elementor-custom-embed-image-overlay img{position:absolute;top:0;right:0;bottom:0;left:0}}.elementor-widget-video .e-hosted-video .elementor-video{-o-object-fit:cover;object-fit:cover}.e-con-inner>.elementor-widget-video,.e-con>.elementor-widget-video{width:var(--container-widget-width);--flex-grow:var(--container-widget-flex-grow)}<\/style>\t\t<div class=\"e-hosted-video elementor-wrapper elementor-open-inline\">\n\t\t\t\t\t<video class=\"elementor-video\" src=\"https:\/\/www.camillemassida.com\/wp-content\/uploads\/2023\/01\/EXPOSITION ART NOU MILLENNI\/VID20220714193339.mp4\" controls=\"\" preload=\"metadata\" controlslist=\"nodownload\"><\/video>\n\t\t\t\t<\/div>\n\t\t\t\t<\/div>\n\t\t\t\t<\/div>\n\t\t\t\t\t<\/div>\n\t\t<\/div>\n\t\t\t\t\t<\/div>\n\t\t<\/section>\n\t\t\t\t<section class=\"elementor-section elementor-top-section elementor-element elementor-element-2641ed7 elementor-section-full_width elementor-section-height-default elementor-section-height-default\" data-id=\"2641ed7\" data-element_type=\"section\">\n\t\t\t\t\t\t<div class=\"elementor-container elementor-column-gap-default\">\n\t\t\t\t\t<div class=\"elementor-column elementor-col-100 elementor-top-column elementor-element elementor-element-ddaa766\" data-id=\"ddaa766\" data-element_type=\"column\">\n\t\t\t<div class=\"elementor-widget-wrap elementor-element-populated\">\n\t\t\t\t\t\t\t<\/div>\n\t\t<\/div>\n\t\t\t\t\t<\/div>\n\t\t<\/section>\n\t\t\t\t<\/div>","protected":false},"excerpt":{"rendered":"<p>EXHIBIT ART NOU MILLENNI Part of a collective exhibition at ART NOU MILLENNI Gallery in Barcelona 14th to 28th July 2022. Part of a collective exhibition in Barcelona where 3 of my photographs were displayed. https:\/\/www.camillemassida.com\/wp-content\/uploads\/2023\/01\/EXPOSITION%20ART%20NOU%20MILLENNI\/VID20220714193339.mp4<\/p>","protected":false},"author":1,"featured_media":0,"parent":0,"menu_order":0,"comment_status":"closed","ping_status":"closed","template":"elementor_header_footer","meta":{"neve_meta_sidebar":"","neve_meta_container":"","neve_meta_enable_content_width":"","neve_meta_content_width":0,"neve_meta_title_alignment":"","neve_meta_author_avatar":"","neve_post_elements_order":"","neve_meta_disable_header":"","neve_meta_disable_footer":"","neve_meta_disable_title":"","footnotes":""},"_links":{"self":[{"href":"https:\/\/www.camillemassida.com\/fr\/wp-json\/wp\/v2\/pages\/81"}],"collection":[{"href":"https:\/\/www.camillemassida.com\/fr\/wp-json\/wp\/v2\/pages"}],"about":[{"href":"https:\/\/www.camillemassida.com\/fr\/wp-json\/wp\/v2\/types\/page"}],"author":[{"embeddable":true,"href":"https:\/\/www.camillemassida.com\/fr\/wp-json\/wp\/v2\/users\/1"}],"replies":[{"embeddable":true,"href":"https:\/\/www.camillemassida.com\/fr\/wp-json\/wp\/v2\/comments?post=81"}],"version-history":[{"count":29,"href":"https:\/\/www.camillemassida.com\/fr\/wp-json\/wp\/v2\/pages\/81\/revisions"}],"predecessor-version":[{"id":10133,"href":"https:\/\/www.camillemassida.com\/fr\/wp-json\/wp\/v2\/pages\/81\/revisions\/10133"}],"wp:attachment":[{"href":"https:\/\/www.camillemassida.com\/fr\/wp-json\/wp\/v2\/media?parent=81"}],"curies":[{"name":"wp","href":"https:\/\/api.w.org\/{rel}","templated":true}]}}