{"id":6834,"date":"2023-02-09T15:31:16","date_gmt":"2023-02-09T15:31:16","guid":{"rendered":"https:\/\/www.camillemassida.com\/?page_id=6834"},"modified":"2023-04-13T16:47:32","modified_gmt":"2023-04-13T16:47:32","slug":"tales-of-djibouti-print","status":"publish","type":"page","link":"https:\/\/www.camillemassida.com\/fr\/tales-of-djibouti-print\/","title":{"rendered":"Tales of Djibouti print"},"content":{"rendered":"<div data-elementor-type=\"wp-page\" data-elementor-id=\"6834\" class=\"elementor elementor-6834\" data-elementor-post-type=\"page\">\n\t\t\t\t\t\t<section class=\"elementor-section elementor-top-section elementor-element elementor-element-beafc13 elementor-section-boxed elementor-section-height-default elementor-section-height-default\" data-id=\"beafc13\" data-element_type=\"section\">\n\t\t\t\t\t\t<div class=\"elementor-container elementor-column-gap-default\">\n\t\t\t\t\t<div class=\"elementor-column elementor-col-100 elementor-top-column elementor-element elementor-element-5273cba\" data-id=\"5273cba\" data-element_type=\"column\">\n\t\t\t<div class=\"elementor-widget-wrap elementor-element-populated\">\n\t\t\t\t\t\t<div class=\"elementor-element elementor-element-356d03d elementor-widget elementor-widget-e_image_hover_effects\" data-id=\"356d03d\" data-element_type=\"widget\" data-widget_type=\"e_image_hover_effects.default\">\n\t\t\t\t<div class=\"elementor-widget-container\">\n\t\t\t\t\t\t<div class=\"eihe-box eihe-fade-in-up eihe_center\">\n\t\t\t\t<img fetchpriority=\"high\" decoding=\"async\" width=\"2560\" height=\"1707\" src=\"https:\/\/www.camillemassida.com\/wp-content\/uploads\/2023\/01\/1.SPECIAL PLACE CALLED HOME\/CM_20191025_0484-scaled.jpg\" class=\"attachment-full size-full wp-image-2001\" alt=\"Tales of the Djibouti By Camille Massida\" srcset=\"https:\/\/www.camillemassida.com\/wp-content\/uploads\/2023\/01\/1.SPECIAL%20PLACE%20CALLED%20HOME\/CM_20191025_0484-scaled.jpg 2560w, https:\/\/www.camillemassida.com\/wp-content\/uploads\/2023\/01\/1.SPECIAL%20PLACE%20CALLED%20HOME\/CM_20191025_0484-scaled-600x400.jpg 600w, https:\/\/www.camillemassida.com\/wp-content\/uploads\/2023\/01\/1.SPECIAL%20PLACE%20CALLED%20HOME\/CM_20191025_0484-300x200.jpg 300w, https:\/\/www.camillemassida.com\/wp-content\/uploads\/2023\/01\/1.SPECIAL%20PLACE%20CALLED%20HOME\/CM_20191025_0484-1024x683.jpg 1024w, https:\/\/www.camillemassida.com\/wp-content\/uploads\/2023\/01\/1.SPECIAL%20PLACE%20CALLED%20HOME\/CM_20191025_0484-768x512.jpg 768w, https:\/\/www.camillemassida.com\/wp-content\/uploads\/2023\/01\/1.SPECIAL%20PLACE%20CALLED%20HOME\/CM_20191025_0484-1536x1024.jpg 1536w, https:\/\/www.camillemassida.com\/wp-content\/uploads\/2023\/01\/1.SPECIAL%20PLACE%20CALLED%20HOME\/CM_20191025_0484-2048x1365.jpg 2048w, https:\/\/www.camillemassida.com\/wp-content\/uploads\/2023\/01\/1.SPECIAL%20PLACE%20CALLED%20HOME\/CM_20191025_0484-18x12.jpg 18w, https:\/\/www.camillemassida.com\/wp-content\/uploads\/2023\/01\/1.SPECIAL%20PLACE%20CALLED%20HOME\/CM_20191025_0484-930x620.jpg 930w\" sizes=\"(max-width: 2560px) 100vw, 2560px\" \/>\t\t\t\t<div class=\"eihe-caption\">\n\t\t\t\t\t<div class=\"eihe-title-cover\">\n\t\t\t\t\t\t\t\t\t\t\t\t<h3 class=\"eihe-title\">CONTE DE DJIBOUTI<\/h3>\n\t\t\t\t\t\t\t\t\t\t\t<\/div>\n\t\t\t\t\t<p><\/p>\n\t\t\t\t<\/div>\n\t\t\t<\/div>\n\t\t\t\t<\/div>\n\t\t\t\t<\/div>\n\t\t\t\t\t<\/div>\n\t\t<\/div>\n\t\t\t\t\t<\/div>\n\t\t<\/section>\n\t\t<div class=\"elementor-element elementor-element-fe5d410 e-flex e-con-boxed e-con e-parent\" data-id=\"fe5d410\" data-element_type=\"container\" data-core-v316-plus=\"true\">\n\t\t\t\t\t<div class=\"e-con-inner\">\n\t\t\t\t<div class=\"elementor-element elementor-element-9dd1e34 elementor-widget elementor-widget-text-editor\" data-id=\"9dd1e34\" data-element_type=\"widget\" data-widget_type=\"text-editor.default\">\n\t\t\t\t<div class=\"elementor-widget-container\">\n\t\t\t<style>\/*! elementor - v3.20.0 - 20-03-2024 *\/\n.elementor-widget-text-editor.elementor-drop-cap-view-stacked .elementor-drop-cap{background-color:#69727d;color:#fff}.elementor-widget-text-editor.elementor-drop-cap-view-framed .elementor-drop-cap{color:#69727d;border:3px solid;background-color:transparent}.elementor-widget-text-editor:not(.elementor-drop-cap-view-default) .elementor-drop-cap{margin-top:8px}.elementor-widget-text-editor:not(.elementor-drop-cap-view-default) .elementor-drop-cap-letter{width:1em;height:1em}.elementor-widget-text-editor .elementor-drop-cap{float:left;text-align:center;line-height:1;font-size:50px}.elementor-widget-text-editor .elementor-drop-cap-letter{display:inline-block}<\/style>\t\t\t\t<p>\"Tales of Djibouti \u00bb, une collection de photos qui raconte l'histoire de ce petit pays dynamique au carrefour\nde l'Afrique et du Moyen-Orient que j'appelle chez moi. Ces images capturent le caract\u00e8re unique des\npaysages, des habitants et de la culture qui composent Djibouti, r\u00e9v\u00e9lant une riche tapisserie d'histoire et de\ntradition.<\/p><p>D\u00e9couvrez la splendeur naturelle \u00e9tonnante de Djibouti \u00e0 travers les paysages d'un autre monde du lac\nAssal, les eaux turquoises et claires des \u00eeles Maskali et Moucha et le d\u00e9sert sans fin de Grand Bara.\nD\u00e9couvrez les villes anim\u00e9es et les magnifiques villages qui composent ce merveilleux pays.<\/p>\t\t\t\t\t\t<\/div>\n\t\t\t\t<\/div>\n\t\t\t\t\t<\/div>\n\t\t\t\t<\/div>\n\t\t\t\t<section class=\"elementor-section elementor-top-section elementor-element elementor-element-ba65383 elementor-section-boxed elementor-section-height-default elementor-section-height-default\" data-id=\"ba65383\" data-element_type=\"section\">\n\t\t\t\t\t\t<div class=\"elementor-container elementor-column-gap-default\">\n\t\t\t\t\t<div class=\"elementor-column elementor-col-50 elementor-top-column elementor-element elementor-element-ff96e2f\" data-id=\"ff96e2f\" data-element_type=\"column\">\n\t\t\t<div class=\"elementor-widget-wrap elementor-element-populated\">\n\t\t\t\t\t\t<div class=\"elementor-element elementor-element-e76cbb4 elementor-widget elementor-widget-e_image_hover_effects\" data-id=\"e76cbb4\" data-element_type=\"widget\" data-widget_type=\"e_image_hover_effects.default\">\n\t\t\t\t<div class=\"elementor-widget-container\">\n\t\t\t\t\t\t<a href=\"https:\/\/www.camillemassida.com\/fr\/special-place-called-home-print\/\">\n\t\t\t\t\t<div class=\"eihe-box eihe-fade-in-up eihe_center\">\n\t\t\t\t<img decoding=\"async\" width=\"2560\" height=\"1707\" src=\"https:\/\/www.camillemassida.com\/wp-content\/uploads\/2023\/01\/1.SPECIAL PLACE CALLED HOME\/CM_20191025_0496-scaled.jpg\" class=\"attachment-full size-full wp-image-2003\" alt=\"Tales of the Djibouti By Camille Massida\" srcset=\"https:\/\/www.camillemassida.com\/wp-content\/uploads\/2023\/01\/1.SPECIAL%20PLACE%20CALLED%20HOME\/CM_20191025_0496-scaled.jpg 2560w, https:\/\/www.camillemassida.com\/wp-content\/uploads\/2023\/01\/1.SPECIAL%20PLACE%20CALLED%20HOME\/CM_20191025_0496-scaled-600x400.jpg 600w, https:\/\/www.camillemassida.com\/wp-content\/uploads\/2023\/01\/1.SPECIAL%20PLACE%20CALLED%20HOME\/CM_20191025_0496-300x200.jpg 300w, https:\/\/www.camillemassida.com\/wp-content\/uploads\/2023\/01\/1.SPECIAL%20PLACE%20CALLED%20HOME\/CM_20191025_0496-1024x683.jpg 1024w, https:\/\/www.camillemassida.com\/wp-content\/uploads\/2023\/01\/1.SPECIAL%20PLACE%20CALLED%20HOME\/CM_20191025_0496-768x512.jpg 768w, https:\/\/www.camillemassida.com\/wp-content\/uploads\/2023\/01\/1.SPECIAL%20PLACE%20CALLED%20HOME\/CM_20191025_0496-1536x1024.jpg 1536w, https:\/\/www.camillemassida.com\/wp-content\/uploads\/2023\/01\/1.SPECIAL%20PLACE%20CALLED%20HOME\/CM_20191025_0496-2048x1365.jpg 2048w, https:\/\/www.camillemassida.com\/wp-content\/uploads\/2023\/01\/1.SPECIAL%20PLACE%20CALLED%20HOME\/CM_20191025_0496-18x12.jpg 18w, https:\/\/www.camillemassida.com\/wp-content\/uploads\/2023\/01\/1.SPECIAL%20PLACE%20CALLED%20HOME\/CM_20191025_0496-930x620.jpg 930w\" sizes=\"(max-width: 2560px) 100vw, 2560px\" \/>\t\t\t\t<div class=\"eihe-caption\">\n\t\t\t\t\t<div class=\"eihe-title-cover\">\n\t\t\t\t\t\t\t\t\t\t\t\t<h3 class=\"eihe-title\">SPECIAL PLACE CALLED HOME<\/h3>\n\t\t\t\t\t\t\t\t\t\t\t<\/div>\n\t\t\t\t\t<p><\/p>\n\t\t\t\t<\/div>\n\t\t\t<\/div>\n\t\t\t\t\t<\/a>\n\t\t\t\t<\/div>\n\t\t\t\t<\/div>\n\t\t\t\t\t<\/div>\n\t\t<\/div>\n\t\t\t\t<div class=\"elementor-column elementor-col-50 elementor-top-column elementor-element elementor-element-279a2e0\" data-id=\"279a2e0\" data-element_type=\"column\">\n\t\t\t<div class=\"elementor-widget-wrap elementor-element-populated\">\n\t\t\t\t\t\t<div class=\"elementor-element elementor-element-43963a3 elementor-widget elementor-widget-e_image_hover_effects\" data-id=\"43963a3\" data-element_type=\"widget\" data-widget_type=\"e_image_hover_effects.default\">\n\t\t\t\t<div class=\"elementor-widget-container\">\n\t\t\t\t\t\t<a href=\"https:\/\/www.camillemassida.com\/fr\/decan-print\/\">\n\t\t\t\t\t<div class=\"eihe-box eihe-fade-in-up eihe_center\">\n\t\t\t\t<img decoding=\"async\" width=\"2560\" height=\"1706\" src=\"https:\/\/www.camillemassida.com\/wp-content\/uploads\/2023\/01\/2.DECAN\/CM_20210217_0015-2-scaled.jpg\" class=\"attachment-full size-full wp-image-2195\" alt=\"Decan\" srcset=\"https:\/\/www.camillemassida.com\/wp-content\/uploads\/2023\/01\/2.DECAN\/CM_20210217_0015-2-scaled.jpg 2560w, https:\/\/www.camillemassida.com\/wp-content\/uploads\/2023\/01\/2.DECAN\/CM_20210217_0015-2-scaled-600x400.jpg 600w, https:\/\/www.camillemassida.com\/wp-content\/uploads\/2023\/01\/2.DECAN\/CM_20210217_0015-2-300x200.jpg 300w, https:\/\/www.camillemassida.com\/wp-content\/uploads\/2023\/01\/2.DECAN\/CM_20210217_0015-2-1024x683.jpg 1024w, https:\/\/www.camillemassida.com\/wp-content\/uploads\/2023\/01\/2.DECAN\/CM_20210217_0015-2-768x512.jpg 768w, https:\/\/www.camillemassida.com\/wp-content\/uploads\/2023\/01\/2.DECAN\/CM_20210217_0015-2-1536x1024.jpg 1536w, https:\/\/www.camillemassida.com\/wp-content\/uploads\/2023\/01\/2.DECAN\/CM_20210217_0015-2-2048x1365.jpg 2048w, https:\/\/www.camillemassida.com\/wp-content\/uploads\/2023\/01\/2.DECAN\/CM_20210217_0015-2-18x12.jpg 18w, https:\/\/www.camillemassida.com\/wp-content\/uploads\/2023\/01\/2.DECAN\/CM_20210217_0015-2-930x620.jpg 930w\" sizes=\"(max-width: 2560px) 100vw, 2560px\" \/>\t\t\t\t<div class=\"eihe-caption\">\n\t\t\t\t\t<div class=\"eihe-title-cover\">\n\t\t\t\t\t\t\t\t\t\t\t\t<h3 class=\"eihe-title\">DECAN<\/h3>\n\t\t\t\t\t\t\t\t\t\t\t<\/div>\n\t\t\t\t\t<p><\/p>\n\t\t\t\t<\/div>\n\t\t\t<\/div>\n\t\t\t\t\t<\/a>\n\t\t\t\t<\/div>\n\t\t\t\t<\/div>\n\t\t\t\t\t<\/div>\n\t\t<\/div>\n\t\t\t\t\t<\/div>\n\t\t<\/section>\n\t\t\t\t<section class=\"elementor-section elementor-top-section elementor-element elementor-element-79fab1e elementor-section-boxed elementor-section-height-default elementor-section-height-default\" data-id=\"79fab1e\" data-element_type=\"section\">\n\t\t\t\t\t\t<div class=\"elementor-container elementor-column-gap-default\">\n\t\t\t\t\t<div class=\"elementor-column elementor-col-50 elementor-top-column elementor-element elementor-element-f676984\" data-id=\"f676984\" data-element_type=\"column\">\n\t\t\t<div class=\"elementor-widget-wrap elementor-element-populated\">\n\t\t\t\t\t\t<div class=\"elementor-element elementor-element-3e6abca elementor-widget elementor-widget-e_image_hover_effects\" data-id=\"3e6abca\" data-element_type=\"widget\" data-widget_type=\"e_image_hover_effects.default\">\n\t\t\t\t<div class=\"elementor-widget-container\">\n\t\t\t\t\t\t<a href=\"https:\/\/www.camillemassida.com\/fr\/the-blue-lagoon-print\/\">\n\t\t\t\t\t<div class=\"eihe-box eihe-fade-in-up eihe_center\">\n\t\t\t\t<img loading=\"lazy\" decoding=\"async\" width=\"2560\" height=\"1707\" src=\"https:\/\/www.camillemassida.com\/wp-content\/uploads\/2023\/01\/3.THE BLUE LAGOON\/CM_20210605_0005-scaled.jpg\" class=\"attachment-full size-full wp-image-2258\" alt=\"The blue lagoon by Camille Massida Photograpgy\" srcset=\"https:\/\/www.camillemassida.com\/wp-content\/uploads\/2023\/01\/3.THE%20BLUE%20LAGOON\/CM_20210605_0005-scaled.jpg 2560w, https:\/\/www.camillemassida.com\/wp-content\/uploads\/2023\/01\/3.THE%20BLUE%20LAGOON\/CM_20210605_0005-scaled-600x400.jpg 600w, https:\/\/www.camillemassida.com\/wp-content\/uploads\/2023\/01\/3.THE%20BLUE%20LAGOON\/CM_20210605_0005-300x200.jpg 300w, https:\/\/www.camillemassida.com\/wp-content\/uploads\/2023\/01\/3.THE%20BLUE%20LAGOON\/CM_20210605_0005-1024x683.jpg 1024w, https:\/\/www.camillemassida.com\/wp-content\/uploads\/2023\/01\/3.THE%20BLUE%20LAGOON\/CM_20210605_0005-768x512.jpg 768w, https:\/\/www.camillemassida.com\/wp-content\/uploads\/2023\/01\/3.THE%20BLUE%20LAGOON\/CM_20210605_0005-1536x1024.jpg 1536w, https:\/\/www.camillemassida.com\/wp-content\/uploads\/2023\/01\/3.THE%20BLUE%20LAGOON\/CM_20210605_0005-2048x1365.jpg 2048w, https:\/\/www.camillemassida.com\/wp-content\/uploads\/2023\/01\/3.THE%20BLUE%20LAGOON\/CM_20210605_0005-18x12.jpg 18w, https:\/\/www.camillemassida.com\/wp-content\/uploads\/2023\/01\/3.THE%20BLUE%20LAGOON\/CM_20210605_0005-930x620.jpg 930w\" sizes=\"(max-width: 2560px) 100vw, 2560px\" \/>\t\t\t\t<div class=\"eihe-caption\">\n\t\t\t\t\t<div class=\"eihe-title-cover\">\n\t\t\t\t\t\t\t\t\t\t\t\t<h3 class=\"eihe-title\">THE BLUE LAGOON<\/h3>\n\t\t\t\t\t\t\t\t\t\t\t<\/div>\n\t\t\t\t\t<p><\/p>\n\t\t\t\t<\/div>\n\t\t\t<\/div>\n\t\t\t\t\t<\/a>\n\t\t\t\t<\/div>\n\t\t\t\t<\/div>\n\t\t\t\t\t<\/div>\n\t\t<\/div>\n\t\t\t\t<div class=\"elementor-column elementor-col-50 elementor-top-column elementor-element elementor-element-d6af736\" data-id=\"d6af736\" data-element_type=\"column\">\n\t\t\t<div class=\"elementor-widget-wrap elementor-element-populated\">\n\t\t\t\t\t\t<div class=\"elementor-element elementor-element-78e24fd elementor-widget elementor-widget-e_image_hover_effects\" data-id=\"78e24fd\" data-element_type=\"widget\" data-widget_type=\"e_image_hover_effects.default\">\n\t\t\t\t<div class=\"elementor-widget-container\">\n\t\t\t\t\t\t<a href=\"https:\/\/www.camillemassida.com\/fr\/furry-friends-print\/\">\n\t\t\t\t\t<div class=\"eihe-box eihe-fade-in-up eihe_center\">\n\t\t\t\t<img loading=\"lazy\" decoding=\"async\" width=\"2560\" height=\"1707\" src=\"https:\/\/www.camillemassida.com\/wp-content\/uploads\/2023\/01\/4.FURRY FRIENDS\/CM_20191024_0226-2-scaled.jpg\" class=\"attachment-full size-full wp-image-2271\" alt=\"Furry Friends by Camille Massida Photography\" srcset=\"https:\/\/www.camillemassida.com\/wp-content\/uploads\/2023\/01\/4.FURRY%20FRIENDS\/CM_20191024_0226-2-scaled.jpg 2560w, https:\/\/www.camillemassida.com\/wp-content\/uploads\/2023\/01\/4.FURRY%20FRIENDS\/CM_20191024_0226-2-scaled-600x400.jpg 600w, https:\/\/www.camillemassida.com\/wp-content\/uploads\/2023\/01\/4.FURRY%20FRIENDS\/CM_20191024_0226-2-300x200.jpg 300w, https:\/\/www.camillemassida.com\/wp-content\/uploads\/2023\/01\/4.FURRY%20FRIENDS\/CM_20191024_0226-2-1024x683.jpg 1024w, https:\/\/www.camillemassida.com\/wp-content\/uploads\/2023\/01\/4.FURRY%20FRIENDS\/CM_20191024_0226-2-768x512.jpg 768w, https:\/\/www.camillemassida.com\/wp-content\/uploads\/2023\/01\/4.FURRY%20FRIENDS\/CM_20191024_0226-2-1536x1024.jpg 1536w, https:\/\/www.camillemassida.com\/wp-content\/uploads\/2023\/01\/4.FURRY%20FRIENDS\/CM_20191024_0226-2-2048x1365.jpg 2048w, https:\/\/www.camillemassida.com\/wp-content\/uploads\/2023\/01\/4.FURRY%20FRIENDS\/CM_20191024_0226-2-18x12.jpg 18w, https:\/\/www.camillemassida.com\/wp-content\/uploads\/2023\/01\/4.FURRY%20FRIENDS\/CM_20191024_0226-2-930x620.jpg 930w\" sizes=\"(max-width: 2560px) 100vw, 2560px\" \/>\t\t\t\t<div class=\"eihe-caption\">\n\t\t\t\t\t<div class=\"eihe-title-cover\">\n\t\t\t\t\t\t\t\t\t\t\t\t<h3 class=\"eihe-title\">FURRY FRIENDS<\/h3>\n\t\t\t\t\t\t\t\t\t\t\t<\/div>\n\t\t\t\t\t<p><\/p>\n\t\t\t\t<\/div>\n\t\t\t<\/div>\n\t\t\t\t\t<\/a>\n\t\t\t\t<\/div>\n\t\t\t\t<\/div>\n\t\t\t\t\t<\/div>\n\t\t<\/div>\n\t\t\t\t\t<\/div>\n\t\t<\/section>\n\t\t\t\t<\/div>","protected":false},"excerpt":{"rendered":"<p>TALES OF DJIBOUTI &#8220;Tales of Djibouti&#8221;, a photo collection that tells the story of this small but vibrant country at the crossroads of Africa and the Middle East that I call home. These images capture the uniqueness of the landscapes, people, and culture that make up Djibouti, revealing a rich tapestry of history and tradition.&hellip;&nbsp;<a href=\"https:\/\/www.camillemassida.com\/fr\/tales-of-djibouti-print\/\" class=\"\" rel=\"bookmark\">Lire la suite &raquo;<span class=\"screen-reader-text\">Tales of Djibouti print<\/span><\/a><\/p>","protected":false},"author":1,"featured_media":0,"parent":0,"menu_order":0,"comment_status":"closed","ping_status":"closed","template":"page-templates\/template-pagebuilder-full-width.php","meta":{"neve_meta_sidebar":"","neve_meta_container":"","neve_meta_enable_content_width":"","neve_meta_content_width":0,"neve_meta_title_alignment":"","neve_meta_author_avatar":"","neve_post_elements_order":"","neve_meta_disable_header":"","neve_meta_disable_footer":"","neve_meta_disable_title":"","footnotes":""},"_links":{"self":[{"href":"https:\/\/www.camillemassida.com\/fr\/wp-json\/wp\/v2\/pages\/6834"}],"collection":[{"href":"https:\/\/www.camillemassida.com\/fr\/wp-json\/wp\/v2\/pages"}],"about":[{"href":"https:\/\/www.camillemassida.com\/fr\/wp-json\/wp\/v2\/types\/page"}],"author":[{"embeddable":true,"href":"https:\/\/www.camillemassida.com\/fr\/wp-json\/wp\/v2\/users\/1"}],"replies":[{"embeddable":true,"href":"https:\/\/www.camillemassida.com\/fr\/wp-json\/wp\/v2\/comments?post=6834"}],"version-history":[{"count":25,"href":"https:\/\/www.camillemassida.com\/fr\/wp-json\/wp\/v2\/pages\/6834\/revisions"}],"predecessor-version":[{"id":14322,"href":"https:\/\/www.camillemassida.com\/fr\/wp-json\/wp\/v2\/pages\/6834\/revisions\/14322"}],"wp:attachment":[{"href":"https:\/\/www.camillemassida.com\/fr\/wp-json\/wp\/v2\/media?parent=6834"}],"curies":[{"name":"wp","href":"https:\/\/api.w.org\/{rel}","templated":true}]}}