{"id":31,"date":"2023-01-10T09:41:55","date_gmt":"2023-01-10T09:41:55","guid":{"rendered":"https:\/\/www.camillemassida.com\/?page_id=31"},"modified":"2023-02-07T19:32:51","modified_gmt":"2023-02-07T19:32:51","slug":"about","status":"publish","type":"page","link":"https:\/\/www.camillemassida.com\/fr\/about\/","title":{"rendered":"About"},"content":{"rendered":"<div data-elementor-type=\"wp-page\" data-elementor-id=\"31\" class=\"elementor elementor-31\" data-elementor-post-type=\"page\">\n\t\t\t\t\t\t<section class=\"elementor-section elementor-top-section elementor-element elementor-element-9c1ab6f elementor-section-boxed elementor-section-height-default elementor-section-height-default\" data-id=\"9c1ab6f\" data-element_type=\"section\">\n\t\t\t\t\t\t<div class=\"elementor-container elementor-column-gap-default\">\n\t\t\t\t\t<div class=\"elementor-column elementor-col-100 elementor-top-column elementor-element elementor-element-b4e232b\" data-id=\"b4e232b\" data-element_type=\"column\">\n\t\t\t<div class=\"elementor-widget-wrap elementor-element-populated\">\n\t\t\t\t\t\t<div class=\"elementor-element elementor-element-c4d56c9 elementor-widget elementor-widget-spacer\" data-id=\"c4d56c9\" data-element_type=\"widget\" data-widget_type=\"spacer.default\">\n\t\t\t\t<div class=\"elementor-widget-container\">\n\t\t\t<style>\/*! elementor - v3.20.0 - 20-03-2024 *\/\n.elementor-column .elementor-spacer-inner{height:var(--spacer-size)}.e-con{--container-widget-width:100%}.e-con-inner>.elementor-widget-spacer,.e-con>.elementor-widget-spacer{width:var(--container-widget-width,var(--spacer-size));--align-self:var(--container-widget-align-self,initial);--flex-shrink:0}.e-con-inner>.elementor-widget-spacer>.elementor-widget-container,.e-con>.elementor-widget-spacer>.elementor-widget-container{height:100%;width:100%}.e-con-inner>.elementor-widget-spacer>.elementor-widget-container>.elementor-spacer,.e-con>.elementor-widget-spacer>.elementor-widget-container>.elementor-spacer{height:100%}.e-con-inner>.elementor-widget-spacer>.elementor-widget-container>.elementor-spacer>.elementor-spacer-inner,.e-con>.elementor-widget-spacer>.elementor-widget-container>.elementor-spacer>.elementor-spacer-inner{height:var(--container-widget-height,var(--spacer-size))}.e-con-inner>.elementor-widget-spacer.elementor-widget-empty,.e-con>.elementor-widget-spacer.elementor-widget-empty{position:relative;min-height:22px;min-width:22px}.e-con-inner>.elementor-widget-spacer.elementor-widget-empty .elementor-widget-empty-icon,.e-con>.elementor-widget-spacer.elementor-widget-empty .elementor-widget-empty-icon{position:absolute;top:0;bottom:0;left:0;right:0;margin:auto;padding:0;width:22px;height:22px}<\/style>\t\t<div class=\"elementor-spacer\">\n\t\t\t<div class=\"elementor-spacer-inner\"><\/div>\n\t\t<\/div>\n\t\t\t\t<\/div>\n\t\t\t\t<\/div>\n\t\t\t\t\t<\/div>\n\t\t<\/div>\n\t\t\t\t\t<\/div>\n\t\t<\/section>\n\t\t\t\t<section class=\"elementor-section elementor-top-section elementor-element elementor-element-b5eba45 elementor-section-boxed elementor-section-height-default elementor-section-height-default\" data-id=\"b5eba45\" data-element_type=\"section\">\n\t\t\t\t\t\t<div class=\"elementor-container elementor-column-gap-default\">\n\t\t\t\t\t<div class=\"elementor-column elementor-col-100 elementor-top-column elementor-element elementor-element-2df9079\" data-id=\"2df9079\" data-element_type=\"column\">\n\t\t\t<div class=\"elementor-widget-wrap elementor-element-populated\">\n\t\t\t\t\t\t<div class=\"elementor-element elementor-element-5c169a5 elementor-widget elementor-widget-e_image_hover_effects\" data-id=\"5c169a5\" data-element_type=\"widget\" data-widget_type=\"e_image_hover_effects.default\">\n\t\t\t\t<div class=\"elementor-widget-container\">\n\t\t\t\t\t\t<div class=\"eihe-box eihe-fade-in-up eihe_center\">\n\t\t\t\t<img fetchpriority=\"high\" decoding=\"async\" width=\"2560\" height=\"1707\" src=\"https:\/\/www.camillemassida.com\/wp-content\/uploads\/2023\/01\/WONDERS OF OUR PLANET\/CM_20170826_0077-scaled.jpg\" class=\"attachment-full size-full wp-image-1626\" alt=\"WONDERS OF OUR PLANET, Beauty of wildlife by Camille Massida Photography by Camille Massida Photography\" srcset=\"https:\/\/www.camillemassida.com\/wp-content\/uploads\/2023\/01\/WONDERS%20OF%20OUR%20PLANET\/CM_20170826_0077-scaled.jpg 2560w, https:\/\/www.camillemassida.com\/wp-content\/uploads\/2023\/01\/WONDERS%20OF%20OUR%20PLANET\/CM_20170826_0077-scaled-600x400.jpg 600w, https:\/\/www.camillemassida.com\/wp-content\/uploads\/2023\/01\/WONDERS%20OF%20OUR%20PLANET\/CM_20170826_0077-300x200.jpg 300w, https:\/\/www.camillemassida.com\/wp-content\/uploads\/2023\/01\/WONDERS%20OF%20OUR%20PLANET\/CM_20170826_0077-1024x683.jpg 1024w, https:\/\/www.camillemassida.com\/wp-content\/uploads\/2023\/01\/WONDERS%20OF%20OUR%20PLANET\/CM_20170826_0077-768x512.jpg 768w, https:\/\/www.camillemassida.com\/wp-content\/uploads\/2023\/01\/WONDERS%20OF%20OUR%20PLANET\/CM_20170826_0077-1536x1024.jpg 1536w, https:\/\/www.camillemassida.com\/wp-content\/uploads\/2023\/01\/WONDERS%20OF%20OUR%20PLANET\/CM_20170826_0077-2048x1365.jpg 2048w, https:\/\/www.camillemassida.com\/wp-content\/uploads\/2023\/01\/WONDERS%20OF%20OUR%20PLANET\/CM_20170826_0077-18x12.jpg 18w, https:\/\/www.camillemassida.com\/wp-content\/uploads\/2023\/01\/WONDERS%20OF%20OUR%20PLANET\/CM_20170826_0077-930x620.jpg 930w\" sizes=\"(max-width: 2560px) 100vw, 2560px\" \/>\t\t\t\t<div class=\"eihe-caption\">\n\t\t\t\t\t<div class=\"eihe-title-cover\">\n\t\t\t\t\t\t\t\t\t\t\t\t<h3 class=\"eihe-title\">ABOUT<\/h3>\n\t\t\t\t\t\t\t\t\t\t\t<\/div>\n\t\t\t\t\t<p><\/p>\n\t\t\t\t<\/div>\n\t\t\t<\/div>\n\t\t\t\t<\/div>\n\t\t\t\t<\/div>\n\t\t\t\t<div class=\"elementor-element elementor-element-fbfdb7e elementor-widget elementor-widget-text-editor\" data-id=\"fbfdb7e\" data-element_type=\"widget\" data-widget_type=\"text-editor.default\">\n\t\t\t\t<div class=\"elementor-widget-container\">\n\t\t\t<style>\/*! elementor - v3.20.0 - 20-03-2024 *\/\n.elementor-widget-text-editor.elementor-drop-cap-view-stacked .elementor-drop-cap{background-color:#69727d;color:#fff}.elementor-widget-text-editor.elementor-drop-cap-view-framed .elementor-drop-cap{color:#69727d;border:3px solid;background-color:transparent}.elementor-widget-text-editor:not(.elementor-drop-cap-view-default) .elementor-drop-cap{margin-top:8px}.elementor-widget-text-editor:not(.elementor-drop-cap-view-default) .elementor-drop-cap-letter{width:1em;height:1em}.elementor-widget-text-editor .elementor-drop-cap{float:left;text-align:center;line-height:1;font-size:50px}.elementor-widget-text-editor .elementor-drop-cap-letter{display:inline-block}<\/style>\t\t\t\t<p>I am Camille Massida, a Franco-Djiboutian photographer based in Paris. I studied international business fiveyears at <a href=\"https:\/\/www.isg.fr\/\" target=\"_blank\" rel=\"noopener\">ISG business school<\/a> and then worked in a logistics company for three years and after that, followedthe 32-Weeks Professional Photography program at <a href=\"https:\/\/speos-photo.com\/fr\" target=\"_blank\" rel=\"noopener\">Speos Paris Photographic Institute<\/a>. in 2019.<\/p><p>Ayant grandi \u00e0 Djibouti, j'ai toujours admir\u00e9 la beaut\u00e9 de la nature et j'ai \u00e9t\u00e9 attir\u00e9e \u00e0 photographier ce que je\nconsid\u00e9rais comme \u00ab captivant \u00bb ; il ne s'agit pas seulement de magnifiques paysages naturels, mais aussi de\nl'attrait que je peux trouver dans des endroits ou des situations qui ne semblent pas beaux \u00e0 premi\u00e8re vue.<\/p><p>Je crois que la photographie peut \u00eatre un moyen de d\u00e9montrer la relation complexe entre les humains, les\nanimaux et le monde naturel ainsi que de montrer le caract\u00e8re unique de ce qui nous entoure. La\nphotographie me permet de voyager et de d\u00e9couvrir diff\u00e9rentes cultures et paysages, de capturer un\nmoment dans le temps qui, selon moi, est l'essence m\u00eame de la raison pour laquelle je suis photographe.<\/p>\t\t\t\t\t\t<\/div>\n\t\t\t\t<\/div>\n\t\t\t\t\t<\/div>\n\t\t<\/div>\n\t\t\t\t\t<\/div>\n\t\t<\/section>\n\t\t\t\t<section class=\"elementor-section elementor-top-section elementor-element elementor-element-d851c1d elementor-section-boxed elementor-section-height-default elementor-section-height-default\" data-id=\"d851c1d\" data-element_type=\"section\">\n\t\t\t\t\t\t<div class=\"elementor-container elementor-column-gap-default\">\n\t\t\t\t\t<div class=\"elementor-column elementor-col-33 elementor-top-column elementor-element elementor-element-a9160c7\" data-id=\"a9160c7\" data-element_type=\"column\">\n\t\t\t<div class=\"elementor-widget-wrap elementor-element-populated\">\n\t\t\t\t\t\t<div class=\"elementor-element elementor-element-7d3ec8b elementor-widget elementor-widget-e_image_hover_effects\" data-id=\"7d3ec8b\" data-element_type=\"widget\" data-widget_type=\"e_image_hover_effects.default\">\n\t\t\t\t<div class=\"elementor-widget-container\">\n\t\t\t\t\t\t<a href=\"https:\/\/www.camillemassida.com\/fr\/portfolio\/\">\n\t\t\t\t\t<div class=\"eihe-box eihe-fade-in-up eihe_center\">\n\t\t\t\t<img decoding=\"async\" width=\"2560\" height=\"1707\" src=\"https:\/\/www.camillemassida.com\/wp-content\/uploads\/2023\/01\/KIDS OF THE SALTED LAKE\/CM_20181227_0171-scaled.jpg\" class=\"attachment-full size-full wp-image-1435\" alt=\"KIDS OF THE SALTED LAKE by Camille Massida\" srcset=\"https:\/\/www.camillemassida.com\/wp-content\/uploads\/2023\/01\/KIDS%20OF%20THE%20SALTED%20LAKE\/CM_20181227_0171-scaled.jpg 2560w, https:\/\/www.camillemassida.com\/wp-content\/uploads\/2023\/01\/KIDS%20OF%20THE%20SALTED%20LAKE\/CM_20181227_0171-scaled-600x400.jpg 600w, https:\/\/www.camillemassida.com\/wp-content\/uploads\/2023\/01\/KIDS%20OF%20THE%20SALTED%20LAKE\/CM_20181227_0171-300x200.jpg 300w, https:\/\/www.camillemassida.com\/wp-content\/uploads\/2023\/01\/KIDS%20OF%20THE%20SALTED%20LAKE\/CM_20181227_0171-1024x683.jpg 1024w, https:\/\/www.camillemassida.com\/wp-content\/uploads\/2023\/01\/KIDS%20OF%20THE%20SALTED%20LAKE\/CM_20181227_0171-768x512.jpg 768w, https:\/\/www.camillemassida.com\/wp-content\/uploads\/2023\/01\/KIDS%20OF%20THE%20SALTED%20LAKE\/CM_20181227_0171-1536x1024.jpg 1536w, https:\/\/www.camillemassida.com\/wp-content\/uploads\/2023\/01\/KIDS%20OF%20THE%20SALTED%20LAKE\/CM_20181227_0171-2048x1365.jpg 2048w, https:\/\/www.camillemassida.com\/wp-content\/uploads\/2023\/01\/KIDS%20OF%20THE%20SALTED%20LAKE\/CM_20181227_0171-18x12.jpg 18w, https:\/\/www.camillemassida.com\/wp-content\/uploads\/2023\/01\/KIDS%20OF%20THE%20SALTED%20LAKE\/CM_20181227_0171-930x620.jpg 930w\" sizes=\"(max-width: 2560px) 100vw, 2560px\" \/>\t\t\t\t<div class=\"eihe-caption\">\n\t\t\t\t\t<div class=\"eihe-title-cover\">\n\t\t\t\t\t\t\t\t\t\t\t\t<h4 class=\"eihe-title\">PORFOLIO<\/h4>\n\t\t\t\t\t\t\t\t\t\t\t<\/div>\n\t\t\t\t\t<p><\/p>\n\t\t\t\t<\/div>\n\t\t\t<\/div>\n\t\t\t\t\t<\/a>\n\t\t\t\t<\/div>\n\t\t\t\t<\/div>\n\t\t\t\t\t<\/div>\n\t\t<\/div>\n\t\t\t\t<div class=\"elementor-column elementor-col-33 elementor-top-column elementor-element elementor-element-c040861\" data-id=\"c040861\" data-element_type=\"column\">\n\t\t\t<div class=\"elementor-widget-wrap elementor-element-populated\">\n\t\t\t\t\t\t<div class=\"elementor-element elementor-element-0cbba09 elementor-widget elementor-widget-e_image_hover_effects\" data-id=\"0cbba09\" data-element_type=\"widget\" data-widget_type=\"e_image_hover_effects.default\">\n\t\t\t\t<div class=\"elementor-widget-container\">\n\t\t\t\t\t\t<a href=\"https:\/\/www.camillemassida.com\/fr\/journal\/\">\n\t\t\t\t\t<div class=\"eihe-box eihe-fade-in-up eihe_center\">\n\t\t\t\t<img decoding=\"async\" width=\"2560\" height=\"1707\" src=\"https:\/\/www.camillemassida.com\/wp-content\/uploads\/2023\/01\/REPORTAGE LE POINT\/CM_20211125_0137-scaled.jpg\" class=\"attachment-full size-full wp-image-1241\" alt=\"Reportage Le Point Camille Massida\" srcset=\"https:\/\/www.camillemassida.com\/wp-content\/uploads\/2023\/01\/REPORTAGE%20LE%20POINT\/CM_20211125_0137-scaled.jpg 2560w, https:\/\/www.camillemassida.com\/wp-content\/uploads\/2023\/01\/REPORTAGE%20LE%20POINT\/CM_20211125_0137-scaled-600x400.jpg 600w, https:\/\/www.camillemassida.com\/wp-content\/uploads\/2023\/01\/REPORTAGE%20LE%20POINT\/CM_20211125_0137-300x200.jpg 300w, https:\/\/www.camillemassida.com\/wp-content\/uploads\/2023\/01\/REPORTAGE%20LE%20POINT\/CM_20211125_0137-1024x683.jpg 1024w, https:\/\/www.camillemassida.com\/wp-content\/uploads\/2023\/01\/REPORTAGE%20LE%20POINT\/CM_20211125_0137-768x512.jpg 768w, https:\/\/www.camillemassida.com\/wp-content\/uploads\/2023\/01\/REPORTAGE%20LE%20POINT\/CM_20211125_0137-1536x1024.jpg 1536w, https:\/\/www.camillemassida.com\/wp-content\/uploads\/2023\/01\/REPORTAGE%20LE%20POINT\/CM_20211125_0137-2048x1365.jpg 2048w, https:\/\/www.camillemassida.com\/wp-content\/uploads\/2023\/01\/REPORTAGE%20LE%20POINT\/CM_20211125_0137-18x12.jpg 18w, https:\/\/www.camillemassida.com\/wp-content\/uploads\/2023\/01\/REPORTAGE%20LE%20POINT\/CM_20211125_0137-930x620.jpg 930w\" sizes=\"(max-width: 2560px) 100vw, 2560px\" \/>\t\t\t\t<div class=\"eihe-caption\">\n\t\t\t\t\t<div class=\"eihe-title-cover\">\n\t\t\t\t\t\t\t\t\t\t\t\t<h3 class=\"eihe-title\">JOURNAL<\/h3>\n\t\t\t\t\t\t\t\t\t\t\t<\/div>\n\t\t\t\t\t<p><\/p>\n\t\t\t\t<\/div>\n\t\t\t<\/div>\n\t\t\t\t\t<\/a>\n\t\t\t\t<\/div>\n\t\t\t\t<\/div>\n\t\t\t\t\t<\/div>\n\t\t<\/div>\n\t\t\t\t<div class=\"elementor-column elementor-col-33 elementor-top-column elementor-element elementor-element-5ba6ce0\" data-id=\"5ba6ce0\" data-element_type=\"column\">\n\t\t\t<div class=\"elementor-widget-wrap elementor-element-populated\">\n\t\t\t\t\t\t<div class=\"elementor-element elementor-element-bce54ac elementor-widget elementor-widget-e_image_hover_effects\" data-id=\"bce54ac\" data-element_type=\"widget\" data-widget_type=\"e_image_hover_effects.default\">\n\t\t\t\t<div class=\"elementor-widget-container\">\n\t\t\t\t\t\t<a href=\"https:\/\/www.camillemassida.com\/fr\/boutique\/\">\n\t\t\t\t\t<div class=\"eihe-box eihe-fade-in-up eihe_center\">\n\t\t\t\t<img loading=\"lazy\" decoding=\"async\" width=\"2560\" height=\"1707\" src=\"https:\/\/www.camillemassida.com\/wp-content\/uploads\/2023\/01\/ARIZONA, ASTONISHING TRIBAL LAND\/CM_20190828_2120-scaled.jpg\" class=\"attachment-full size-full wp-image-1403\" alt=\"ARIZONA, ASTONISHING TRIBAL LAND, Road Trip the USA by Camille Massida Photography by Camille Massida Photography\" srcset=\"https:\/\/www.camillemassida.com\/wp-content\/uploads\/2023\/01\/ARIZONA,%20ASTONISHING%20TRIBAL%20LAND\/CM_20190828_2120-scaled.jpg 2560w, https:\/\/www.camillemassida.com\/wp-content\/uploads\/2023\/01\/ARIZONA,%20ASTONISHING%20TRIBAL%20LAND\/CM_20190828_2120-scaled-600x400.jpg 600w, https:\/\/www.camillemassida.com\/wp-content\/uploads\/2023\/01\/ARIZONA,%20ASTONISHING%20TRIBAL%20LAND\/CM_20190828_2120-300x200.jpg 300w, https:\/\/www.camillemassida.com\/wp-content\/uploads\/2023\/01\/ARIZONA,%20ASTONISHING%20TRIBAL%20LAND\/CM_20190828_2120-1024x683.jpg 1024w, https:\/\/www.camillemassida.com\/wp-content\/uploads\/2023\/01\/ARIZONA,%20ASTONISHING%20TRIBAL%20LAND\/CM_20190828_2120-768x512.jpg 768w, https:\/\/www.camillemassida.com\/wp-content\/uploads\/2023\/01\/ARIZONA,%20ASTONISHING%20TRIBAL%20LAND\/CM_20190828_2120-1536x1024.jpg 1536w, https:\/\/www.camillemassida.com\/wp-content\/uploads\/2023\/01\/ARIZONA,%20ASTONISHING%20TRIBAL%20LAND\/CM_20190828_2120-2048x1365.jpg 2048w, https:\/\/www.camillemassida.com\/wp-content\/uploads\/2023\/01\/ARIZONA,%20ASTONISHING%20TRIBAL%20LAND\/CM_20190828_2120-18x12.jpg 18w, https:\/\/www.camillemassida.com\/wp-content\/uploads\/2023\/01\/ARIZONA,%20ASTONISHING%20TRIBAL%20LAND\/CM_20190828_2120-930x620.jpg 930w\" sizes=\"(max-width: 2560px) 100vw, 2560px\" \/>\t\t\t\t<div class=\"eihe-caption\">\n\t\t\t\t\t<div class=\"eihe-title-cover\">\n\t\t\t\t\t\t\t\t\t\t\t\t<h3 class=\"eihe-title\">PRINT<\/h3>\n\t\t\t\t\t\t\t\t\t\t\t<\/div>\n\t\t\t\t\t<p><\/p>\n\t\t\t\t<\/div>\n\t\t\t<\/div>\n\t\t\t\t\t<\/a>\n\t\t\t\t<\/div>\n\t\t\t\t<\/div>\n\t\t\t\t\t<\/div>\n\t\t<\/div>\n\t\t\t\t\t<\/div>\n\t\t<\/section>\n\t\t\t\t<\/div>","protected":false},"excerpt":{"rendered":"<p>ABOUT I am Camille Massida, a Franco-Djiboutian photographer based in Paris. I studied international business fiveyears at ISG business school and then worked in a logistics company for three years and after that, followedthe 32-Weeks Professional Photography program at Speos Paris Photographic Institute. in 2019. Growing up in Djibouti, I\u2019ve always admired the beauty of&hellip;&nbsp;<a href=\"https:\/\/www.camillemassida.com\/fr\/about\/\" class=\"\" rel=\"bookmark\">Lire la suite &raquo;<span class=\"screen-reader-text\">About<\/span><\/a><\/p>","protected":false},"author":1,"featured_media":0,"parent":0,"menu_order":0,"comment_status":"closed","ping_status":"closed","template":"elementor_header_footer","meta":{"neve_meta_sidebar":"","neve_meta_container":"","neve_meta_enable_content_width":"","neve_meta_content_width":0,"neve_meta_title_alignment":"","neve_meta_author_avatar":"","neve_post_elements_order":"","neve_meta_disable_header":"","neve_meta_disable_footer":"","neve_meta_disable_title":"","footnotes":""},"_links":{"self":[{"href":"https:\/\/www.camillemassida.com\/fr\/wp-json\/wp\/v2\/pages\/31"}],"collection":[{"href":"https:\/\/www.camillemassida.com\/fr\/wp-json\/wp\/v2\/pages"}],"about":[{"href":"https:\/\/www.camillemassida.com\/fr\/wp-json\/wp\/v2\/types\/page"}],"author":[{"embeddable":true,"href":"https:\/\/www.camillemassida.com\/fr\/wp-json\/wp\/v2\/users\/1"}],"replies":[{"embeddable":true,"href":"https:\/\/www.camillemassida.com\/fr\/wp-json\/wp\/v2\/comments?post=31"}],"version-history":[{"count":32,"href":"https:\/\/www.camillemassida.com\/fr\/wp-json\/wp\/v2\/pages\/31\/revisions"}],"predecessor-version":[{"id":3434,"href":"https:\/\/www.camillemassida.com\/fr\/wp-json\/wp\/v2\/pages\/31\/revisions\/3434"}],"wp:attachment":[{"href":"https:\/\/www.camillemassida.com\/fr\/wp-json\/wp\/v2\/media?parent=31"}],"curies":[{"name":"wp","href":"https:\/\/api.w.org\/{rel}","templated":true}]}}