{"id":29,"date":"2023-01-10T09:41:35","date_gmt":"2023-01-10T09:41:35","guid":{"rendered":"https:\/\/www.camillemassida.com\/?page_id=29"},"modified":"2023-02-07T20:13:26","modified_gmt":"2023-02-07T20:13:26","slug":"events","status":"publish","type":"page","link":"https:\/\/www.camillemassida.com\/fr\/events\/","title":{"rendered":"Events"},"content":{"rendered":"<div data-elementor-type=\"wp-page\" data-elementor-id=\"29\" class=\"elementor elementor-29\" data-elementor-post-type=\"page\">\n\t\t\t\t\t\t<section class=\"elementor-section elementor-top-section elementor-element elementor-element-4b60d59 elementor-section-boxed elementor-section-height-default elementor-section-height-default\" data-id=\"4b60d59\" data-element_type=\"section\">\n\t\t\t\t\t\t<div class=\"elementor-container elementor-column-gap-default\">\n\t\t\t\t\t<div class=\"elementor-column elementor-col-100 elementor-top-column elementor-element elementor-element-9be6cfa\" data-id=\"9be6cfa\" data-element_type=\"column\">\n\t\t\t<div class=\"elementor-widget-wrap elementor-element-populated\">\n\t\t\t\t\t\t<div class=\"elementor-element elementor-element-9246512 elementor-widget elementor-widget-spacer\" data-id=\"9246512\" data-element_type=\"widget\" data-widget_type=\"spacer.default\">\n\t\t\t\t<div class=\"elementor-widget-container\">\n\t\t\t<style>\/*! elementor - v3.20.0 - 20-03-2024 *\/\n.elementor-column .elementor-spacer-inner{height:var(--spacer-size)}.e-con{--container-widget-width:100%}.e-con-inner>.elementor-widget-spacer,.e-con>.elementor-widget-spacer{width:var(--container-widget-width,var(--spacer-size));--align-self:var(--container-widget-align-self,initial);--flex-shrink:0}.e-con-inner>.elementor-widget-spacer>.elementor-widget-container,.e-con>.elementor-widget-spacer>.elementor-widget-container{height:100%;width:100%}.e-con-inner>.elementor-widget-spacer>.elementor-widget-container>.elementor-spacer,.e-con>.elementor-widget-spacer>.elementor-widget-container>.elementor-spacer{height:100%}.e-con-inner>.elementor-widget-spacer>.elementor-widget-container>.elementor-spacer>.elementor-spacer-inner,.e-con>.elementor-widget-spacer>.elementor-widget-container>.elementor-spacer>.elementor-spacer-inner{height:var(--container-widget-height,var(--spacer-size))}.e-con-inner>.elementor-widget-spacer.elementor-widget-empty,.e-con>.elementor-widget-spacer.elementor-widget-empty{position:relative;min-height:22px;min-width:22px}.e-con-inner>.elementor-widget-spacer.elementor-widget-empty .elementor-widget-empty-icon,.e-con>.elementor-widget-spacer.elementor-widget-empty .elementor-widget-empty-icon{position:absolute;top:0;bottom:0;left:0;right:0;margin:auto;padding:0;width:22px;height:22px}<\/style>\t\t<div class=\"elementor-spacer\">\n\t\t\t<div class=\"elementor-spacer-inner\"><\/div>\n\t\t<\/div>\n\t\t\t\t<\/div>\n\t\t\t\t<\/div>\n\t\t\t\t\t<\/div>\n\t\t<\/div>\n\t\t\t\t\t<\/div>\n\t\t<\/section>\n\t\t\t\t<section class=\"elementor-section elementor-top-section elementor-element elementor-element-704ab37 elementor-section-boxed elementor-section-height-default elementor-section-height-default\" data-id=\"704ab37\" data-element_type=\"section\">\n\t\t\t\t\t\t<div class=\"elementor-container elementor-column-gap-default\">\n\t\t\t\t\t<div class=\"elementor-column elementor-col-33 elementor-top-column elementor-element elementor-element-8ea9a2d\" data-id=\"8ea9a2d\" data-element_type=\"column\">\n\t\t\t<div class=\"elementor-widget-wrap elementor-element-populated\">\n\t\t\t\t\t\t<div class=\"elementor-element elementor-element-7cdf745 elementor-widget elementor-widget-e_image_hover_effects\" data-id=\"7cdf745\" data-element_type=\"widget\" data-widget_type=\"e_image_hover_effects.default\">\n\t\t\t\t<div class=\"elementor-widget-container\">\n\t\t\t\t\t\t<a href=\"https:\/\/www.camillemassida.com\/fr\/exposition-art-nou-millenni\/\">\n\t\t\t\t\t<div class=\"eihe-box eihe-fade-in-up eihe_center\">\n\t\t\t\t<img fetchpriority=\"high\" decoding=\"async\" width=\"2560\" height=\"1707\" src=\"https:\/\/www.camillemassida.com\/wp-content\/uploads\/2023\/01\/EXPOSITION \u00c9CHO\/CM_20190825_1645-scaled.jpg\" class=\"attachment-full size-full wp-image-2499\" alt=\"Exposition Art Nou Millenni, Road Trip the USA by Camille Massida Photography\" srcset=\"https:\/\/www.camillemassida.com\/wp-content\/uploads\/2023\/01\/EXPOSITION%20\u00c9CHO\/CM_20190825_1645-scaled.jpg 2560w, https:\/\/www.camillemassida.com\/wp-content\/uploads\/2023\/01\/EXPOSITION%20\u00c9CHO\/CM_20190825_1645-scaled-600x400.jpg 600w, https:\/\/www.camillemassida.com\/wp-content\/uploads\/2023\/01\/EXPOSITION%20\u00c9CHO\/CM_20190825_1645-300x200.jpg 300w, https:\/\/www.camillemassida.com\/wp-content\/uploads\/2023\/01\/EXPOSITION%20\u00c9CHO\/CM_20190825_1645-1024x683.jpg 1024w, https:\/\/www.camillemassida.com\/wp-content\/uploads\/2023\/01\/EXPOSITION%20\u00c9CHO\/CM_20190825_1645-768x512.jpg 768w, https:\/\/www.camillemassida.com\/wp-content\/uploads\/2023\/01\/EXPOSITION%20\u00c9CHO\/CM_20190825_1645-1536x1024.jpg 1536w, https:\/\/www.camillemassida.com\/wp-content\/uploads\/2023\/01\/EXPOSITION%20\u00c9CHO\/CM_20190825_1645-2048x1366.jpg 2048w, https:\/\/www.camillemassida.com\/wp-content\/uploads\/2023\/01\/EXPOSITION%20\u00c9CHO\/CM_20190825_1645-18x12.jpg 18w, https:\/\/www.camillemassida.com\/wp-content\/uploads\/2023\/01\/EXPOSITION%20\u00c9CHO\/CM_20190825_1645-930x620.jpg 930w\" sizes=\"(max-width: 2560px) 100vw, 2560px\" \/>\t\t\t\t<div class=\"eihe-caption\">\n\t\t\t\t\t<div class=\"eihe-title-cover\">\n\t\t\t\t\t\t\t\t\t\t\t\t<h3 class=\"eihe-title\">ART NOU MIL.LENNI <\/h3>\n\t\t\t\t\t\t\t\t\t\t\t<\/div>\n\t\t\t\t\t<p>Part of a collective exhibition at ART NOU MILLENNI Gallery in Barcelona \n<br>14th to 28th July 2022. <\/p>\n\t\t\t\t<\/div>\n\t\t\t<\/div>\n\t\t\t\t\t<\/a>\n\t\t\t\t<\/div>\n\t\t\t\t<\/div>\n\t\t\t\t\t<\/div>\n\t\t<\/div>\n\t\t\t\t<div class=\"elementor-column elementor-col-33 elementor-top-column elementor-element elementor-element-8198881\" data-id=\"8198881\" data-element_type=\"column\">\n\t\t\t<div class=\"elementor-widget-wrap elementor-element-populated\">\n\t\t\t\t\t\t<div class=\"elementor-element elementor-element-1da3434 elementor-widget elementor-widget-e_image_hover_effects\" data-id=\"1da3434\" data-element_type=\"widget\" data-widget_type=\"e_image_hover_effects.default\">\n\t\t\t\t<div class=\"elementor-widget-container\">\n\t\t\t\t\t\t<a href=\"https:\/\/www.camillemassida.com\/fr\/reportage-le-point\/\">\n\t\t\t\t\t<div class=\"eihe-box eihe-fade-in-up eihe_center\">\n\t\t\t\t<img decoding=\"async\" width=\"2560\" height=\"1707\" src=\"https:\/\/www.camillemassida.com\/wp-content\/uploads\/2023\/01\/REPORTAGE LE POINT\/CM_20211125_0137-scaled.jpg\" class=\"attachment-full size-full wp-image-1241\" alt=\"Reportage Le Point Camille Massida\" srcset=\"https:\/\/www.camillemassida.com\/wp-content\/uploads\/2023\/01\/REPORTAGE%20LE%20POINT\/CM_20211125_0137-scaled.jpg 2560w, https:\/\/www.camillemassida.com\/wp-content\/uploads\/2023\/01\/REPORTAGE%20LE%20POINT\/CM_20211125_0137-scaled-600x400.jpg 600w, https:\/\/www.camillemassida.com\/wp-content\/uploads\/2023\/01\/REPORTAGE%20LE%20POINT\/CM_20211125_0137-300x200.jpg 300w, https:\/\/www.camillemassida.com\/wp-content\/uploads\/2023\/01\/REPORTAGE%20LE%20POINT\/CM_20211125_0137-1024x683.jpg 1024w, https:\/\/www.camillemassida.com\/wp-content\/uploads\/2023\/01\/REPORTAGE%20LE%20POINT\/CM_20211125_0137-768x512.jpg 768w, https:\/\/www.camillemassida.com\/wp-content\/uploads\/2023\/01\/REPORTAGE%20LE%20POINT\/CM_20211125_0137-1536x1024.jpg 1536w, https:\/\/www.camillemassida.com\/wp-content\/uploads\/2023\/01\/REPORTAGE%20LE%20POINT\/CM_20211125_0137-2048x1365.jpg 2048w, https:\/\/www.camillemassida.com\/wp-content\/uploads\/2023\/01\/REPORTAGE%20LE%20POINT\/CM_20211125_0137-18x12.jpg 18w, https:\/\/www.camillemassida.com\/wp-content\/uploads\/2023\/01\/REPORTAGE%20LE%20POINT\/CM_20211125_0137-930x620.jpg 930w\" sizes=\"(max-width: 2560px) 100vw, 2560px\" \/>\t\t\t\t<div class=\"eihe-caption\">\n\t\t\t\t\t<div class=\"eihe-title-cover\">\n\t\t\t\t\t\t\t\t\t\t\t\t<h3 class=\"eihe-title\">REPORTAGE POUR LE POINT<\/h3>\n\t\t\t\t\t\t\t\t\t\t\t<\/div>\n\t\t\t\t\t<p>sur l\u2019Arm\u00e9e Fran\u00e7aise \u00e0 Djibouti (4 articles) - D\u00e9cembre 2021. - D\u00e9cembre 2021.<\/p>\n\t\t\t\t<\/div>\n\t\t\t<\/div>\n\t\t\t\t\t<\/a>\n\t\t\t\t<\/div>\n\t\t\t\t<\/div>\n\t\t\t\t\t<\/div>\n\t\t<\/div>\n\t\t\t\t<div class=\"elementor-column elementor-col-33 elementor-top-column elementor-element elementor-element-931e06d\" data-id=\"931e06d\" data-element_type=\"column\">\n\t\t\t<div class=\"elementor-widget-wrap elementor-element-populated\">\n\t\t\t\t\t\t<div class=\"elementor-element elementor-element-6a544b5 elementor-widget elementor-widget-e_image_hover_effects\" data-id=\"6a544b5\" data-element_type=\"widget\" data-widget_type=\"e_image_hover_effects.default\">\n\t\t\t\t<div class=\"elementor-widget-container\">\n\t\t\t\t\t\t<a href=\"https:\/\/www.camillemassida.com\/fr\/exposition-echo\/\">\n\t\t\t\t\t<div class=\"eihe-box eihe-fade-in-up eihe_center\">\n\t\t\t\t<img decoding=\"async\" width=\"2560\" height=\"1707\" src=\"https:\/\/www.camillemassida.com\/wp-content\/uploads\/2023\/01\/EXPOSITION \u00c9CHO\/CM_20190303_0010-scaled.jpg\" class=\"attachment-full size-full wp-image-2495\" alt=\"Exposition Echo, stike a pose by Camille Massida Photography\" srcset=\"https:\/\/www.camillemassida.com\/wp-content\/uploads\/2023\/01\/EXPOSITION%20\u00c9CHO\/CM_20190303_0010-scaled.jpg 2560w, https:\/\/www.camillemassida.com\/wp-content\/uploads\/2023\/01\/EXPOSITION%20\u00c9CHO\/CM_20190303_0010-scaled-600x400.jpg 600w, https:\/\/www.camillemassida.com\/wp-content\/uploads\/2023\/01\/EXPOSITION%20\u00c9CHO\/CM_20190303_0010-300x200.jpg 300w, https:\/\/www.camillemassida.com\/wp-content\/uploads\/2023\/01\/EXPOSITION%20\u00c9CHO\/CM_20190303_0010-1024x683.jpg 1024w, https:\/\/www.camillemassida.com\/wp-content\/uploads\/2023\/01\/EXPOSITION%20\u00c9CHO\/CM_20190303_0010-768x512.jpg 768w, https:\/\/www.camillemassida.com\/wp-content\/uploads\/2023\/01\/EXPOSITION%20\u00c9CHO\/CM_20190303_0010-1536x1024.jpg 1536w, https:\/\/www.camillemassida.com\/wp-content\/uploads\/2023\/01\/EXPOSITION%20\u00c9CHO\/CM_20190303_0010-2048x1365.jpg 2048w, https:\/\/www.camillemassida.com\/wp-content\/uploads\/2023\/01\/EXPOSITION%20\u00c9CHO\/CM_20190303_0010-18x12.jpg 18w, https:\/\/www.camillemassida.com\/wp-content\/uploads\/2023\/01\/EXPOSITION%20\u00c9CHO\/CM_20190303_0010-930x620.jpg 930w\" sizes=\"(max-width: 2560px) 100vw, 2560px\" \/>\t\t\t\t<div class=\"eihe-caption\">\n\t\t\t\t\t<div class=\"eihe-title-cover\">\n\t\t\t\t\t\t\t\t\t\t\t\t<h3 class=\"eihe-title\">EXPOISITION ECHO<\/h3>\n\t\t\t\t\t\t\t\t\t\t\t<\/div>\n\t\t\t\t\t<p>in a gallery <br> 5 rue Lobineau 75006 Paris <br>du 29 Octobre au 4 Novembre 2021<\/p>\n\t\t\t\t<\/div>\n\t\t\t<\/div>\n\t\t\t\t\t<\/a>\n\t\t\t\t<\/div>\n\t\t\t\t<\/div>\n\t\t\t\t\t<\/div>\n\t\t<\/div>\n\t\t\t\t\t<\/div>\n\t\t<\/section>\n\t\t\t\t<section class=\"elementor-section elementor-top-section elementor-element elementor-element-7b4ba69 elementor-section-boxed elementor-section-height-default elementor-section-height-default\" data-id=\"7b4ba69\" data-element_type=\"section\">\n\t\t\t\t\t\t<div class=\"elementor-container elementor-column-gap-default\">\n\t\t\t\t\t<div class=\"elementor-column elementor-col-33 elementor-top-column elementor-element elementor-element-ce763fa\" data-id=\"ce763fa\" data-element_type=\"column\">\n\t\t\t<div class=\"elementor-widget-wrap elementor-element-populated\">\n\t\t\t\t\t\t<div class=\"elementor-element elementor-element-03a30b6 elementor-widget elementor-widget-e_image_hover_effects\" data-id=\"03a30b6\" data-element_type=\"widget\" data-widget_type=\"e_image_hover_effects.default\">\n\t\t\t\t<div class=\"elementor-widget-container\">\n\t\t\t\t\t\t<a href=\"https:\/\/www.camillemassida.com\/fr\/aligned-by-the-sun\/\">\n\t\t\t\t\t<div class=\"eihe-box eihe-fade-in-up eihe_center\">\n\t\t\t\t<img loading=\"lazy\" decoding=\"async\" width=\"1440\" height=\"860\" src=\"https:\/\/www.camillemassida.com\/wp-content\/uploads\/2023\/01\/ALIGNED BY THE SUN\/Ghost_of_a_Dream_Aligned_by_the_Sun_a_revolution_3_forWeb.jpg\" class=\"attachment-full size-full wp-image-2343\" alt=\"Exposition Aligned by the sun\" srcset=\"https:\/\/www.camillemassida.com\/wp-content\/uploads\/2023\/01\/ALIGNED%20BY%20THE%20SUN\/Ghost_of_a_Dream_Aligned_by_the_Sun_a_revolution_3_forWeb.jpg 1440w, https:\/\/www.camillemassida.com\/wp-content\/uploads\/2023\/01\/ALIGNED%20BY%20THE%20SUN\/Ghost_of_a_Dream_Aligned_by_the_Sun_a_revolution_3_forWeb-600x358.jpg 600w, https:\/\/www.camillemassida.com\/wp-content\/uploads\/2023\/01\/ALIGNED%20BY%20THE%20SUN\/Ghost_of_a_Dream_Aligned_by_the_Sun_a_revolution_3_forWeb-300x179.jpg 300w, https:\/\/www.camillemassida.com\/wp-content\/uploads\/2023\/01\/ALIGNED%20BY%20THE%20SUN\/Ghost_of_a_Dream_Aligned_by_the_Sun_a_revolution_3_forWeb-1024x612.jpg 1024w, https:\/\/www.camillemassida.com\/wp-content\/uploads\/2023\/01\/ALIGNED%20BY%20THE%20SUN\/Ghost_of_a_Dream_Aligned_by_the_Sun_a_revolution_3_forWeb-768x459.jpg 768w, https:\/\/www.camillemassida.com\/wp-content\/uploads\/2023\/01\/ALIGNED%20BY%20THE%20SUN\/Ghost_of_a_Dream_Aligned_by_the_Sun_a_revolution_3_forWeb-18x12.jpg 18w\" sizes=\"(max-width: 1440px) 100vw, 1440px\" \/>\t\t\t\t<div class=\"eihe-caption\">\n\t\t\t\t\t<div class=\"eihe-title-cover\">\n\t\t\t\t\t\t\t\t\t\t\t\t<h3 class=\"eihe-title\">ALIGNED BY THE SUN<\/h3>\n\t\t\t\t\t\t\t\t\t\t\t<\/div>\n\t\t\t\t\t<p>Repr\u00e9sentant de Djibouti dans le projet Aligned by the Sun de Ghost of a Dream - Septembre 2021 <br> September 2021<\/p>\n\t\t\t\t<\/div>\n\t\t\t<\/div>\n\t\t\t\t\t<\/a>\n\t\t\t\t<\/div>\n\t\t\t\t<\/div>\n\t\t\t\t\t<\/div>\n\t\t<\/div>\n\t\t\t\t<div class=\"elementor-column elementor-col-33 elementor-top-column elementor-element elementor-element-c49b4a1\" data-id=\"c49b4a1\" data-element_type=\"column\">\n\t\t\t<div class=\"elementor-widget-wrap elementor-element-populated\">\n\t\t\t\t\t\t<div class=\"elementor-element elementor-element-3ac0aff elementor-widget elementor-widget-e_image_hover_effects\" data-id=\"3ac0aff\" data-element_type=\"widget\" data-widget_type=\"e_image_hover_effects.default\">\n\t\t\t\t<div class=\"elementor-widget-container\">\n\t\t\t\t\t\t<a href=\"https:\/\/www.camillemassida.com\/fr\/djibouti-all-ways\/\">\n\t\t\t\t\t<div class=\"eihe-box eihe-fade-in-up eihe_center\">\n\t\t\t\t<img loading=\"lazy\" decoding=\"async\" width=\"2560\" height=\"1707\" src=\"https:\/\/www.camillemassida.com\/wp-content\/uploads\/2023\/01\/DJIBOUTI ALL WAYS\/CM_20210217_0067-scaled.jpg\" class=\"attachment-full size-full wp-image-2456\" alt=\"Exposition Djibouti All Ways\" srcset=\"https:\/\/www.camillemassida.com\/wp-content\/uploads\/2023\/01\/DJIBOUTI%20ALL%20WAYS\/CM_20210217_0067-scaled.jpg 2560w, https:\/\/www.camillemassida.com\/wp-content\/uploads\/2023\/01\/DJIBOUTI%20ALL%20WAYS\/CM_20210217_0067-scaled-600x400.jpg 600w, https:\/\/www.camillemassida.com\/wp-content\/uploads\/2023\/01\/DJIBOUTI%20ALL%20WAYS\/CM_20210217_0067-300x200.jpg 300w, https:\/\/www.camillemassida.com\/wp-content\/uploads\/2023\/01\/DJIBOUTI%20ALL%20WAYS\/CM_20210217_0067-1024x683.jpg 1024w, https:\/\/www.camillemassida.com\/wp-content\/uploads\/2023\/01\/DJIBOUTI%20ALL%20WAYS\/CM_20210217_0067-768x512.jpg 768w, https:\/\/www.camillemassida.com\/wp-content\/uploads\/2023\/01\/DJIBOUTI%20ALL%20WAYS\/CM_20210217_0067-1536x1024.jpg 1536w, https:\/\/www.camillemassida.com\/wp-content\/uploads\/2023\/01\/DJIBOUTI%20ALL%20WAYS\/CM_20210217_0067-2048x1365.jpg 2048w, https:\/\/www.camillemassida.com\/wp-content\/uploads\/2023\/01\/DJIBOUTI%20ALL%20WAYS\/CM_20210217_0067-18x12.jpg 18w, https:\/\/www.camillemassida.com\/wp-content\/uploads\/2023\/01\/DJIBOUTI%20ALL%20WAYS\/CM_20210217_0067-930x620.jpg 930w\" sizes=\"(max-width: 2560px) 100vw, 2560px\" \/>\t\t\t\t<div class=\"eihe-caption\">\n\t\t\t\t\t<div class=\"eihe-title-cover\">\n\t\t\t\t\t\t\t\t\t\t\t\t<h3 class=\"eihe-title\">DJIBOUTI ALL WAYS<\/h3>\n\t\t\t\t\t\t\t\t\t\t\t<\/div>\n\t\t\t\t\t<p>Exposition Djibouti All Ways en partenariat avec COCA-COLA \u00e0 Djibouti <br> du 1er au 30 Juin 2021\n<\/p>\n\t\t\t\t<\/div>\n\t\t\t<\/div>\n\t\t\t\t\t<\/a>\n\t\t\t\t<\/div>\n\t\t\t\t<\/div>\n\t\t\t\t\t<\/div>\n\t\t<\/div>\n\t\t\t\t<div class=\"elementor-column elementor-col-33 elementor-top-column elementor-element elementor-element-abd3a8a\" data-id=\"abd3a8a\" data-element_type=\"column\">\n\t\t\t<div class=\"elementor-widget-wrap elementor-element-populated\">\n\t\t\t\t\t\t<div class=\"elementor-element elementor-element-3005794 elementor-widget elementor-widget-e_image_hover_effects\" data-id=\"3005794\" data-element_type=\"widget\" data-widget_type=\"e_image_hover_effects.default\">\n\t\t\t\t<div class=\"elementor-widget-container\">\n\t\t\t\t\t\t<a href=\"http:\/\/acpha.ca\/activites\/programmation-2020-2021\/festival-culturel\/\" target=\"_blank\" rel=\"noopener\">\n\t\t\t\t\t<div class=\"eihe-box eihe-fade-in-up eihe_center\">\n\t\t\t\t<img loading=\"lazy\" decoding=\"async\" width=\"2560\" height=\"1707\" src=\"https:\/\/www.camillemassida.com\/wp-content\/uploads\/2023\/01\/WONDERS OF OUR PLANET\/CM_20170826_0077-scaled.jpg\" class=\"attachment-full size-full wp-image-1626\" alt=\"WONDERS OF OUR PLANET, Beauty of wildlife by Camille Massida Photography by Camille Massida Photography\" srcset=\"https:\/\/www.camillemassida.com\/wp-content\/uploads\/2023\/01\/WONDERS%20OF%20OUR%20PLANET\/CM_20170826_0077-scaled.jpg 2560w, https:\/\/www.camillemassida.com\/wp-content\/uploads\/2023\/01\/WONDERS%20OF%20OUR%20PLANET\/CM_20170826_0077-scaled-600x400.jpg 600w, https:\/\/www.camillemassida.com\/wp-content\/uploads\/2023\/01\/WONDERS%20OF%20OUR%20PLANET\/CM_20170826_0077-300x200.jpg 300w, https:\/\/www.camillemassida.com\/wp-content\/uploads\/2023\/01\/WONDERS%20OF%20OUR%20PLANET\/CM_20170826_0077-1024x683.jpg 1024w, https:\/\/www.camillemassida.com\/wp-content\/uploads\/2023\/01\/WONDERS%20OF%20OUR%20PLANET\/CM_20170826_0077-768x512.jpg 768w, https:\/\/www.camillemassida.com\/wp-content\/uploads\/2023\/01\/WONDERS%20OF%20OUR%20PLANET\/CM_20170826_0077-1536x1024.jpg 1536w, https:\/\/www.camillemassida.com\/wp-content\/uploads\/2023\/01\/WONDERS%20OF%20OUR%20PLANET\/CM_20170826_0077-2048x1365.jpg 2048w, https:\/\/www.camillemassida.com\/wp-content\/uploads\/2023\/01\/WONDERS%20OF%20OUR%20PLANET\/CM_20170826_0077-18x12.jpg 18w, https:\/\/www.camillemassida.com\/wp-content\/uploads\/2023\/01\/WONDERS%20OF%20OUR%20PLANET\/CM_20170826_0077-930x620.jpg 930w\" sizes=\"(max-width: 2560px) 100vw, 2560px\" \/>\t\t\t\t<div class=\"eihe-caption\">\n\t\t\t\t\t<div class=\"eihe-title-cover\">\n\t\t\t\t\t\t\t\t\t\t\t\t<h3 class=\"eihe-title\"> FESTIVAL CULTUREL DES ARTS AFRICAINS<\/h3>\n\t\t\t\t\t\t\t\t\t\t\t<\/div>\n\t\t\t\t\t<p>photographies sur Djibouti<br \/>\nCanada <br> le 21\nMai 2021<\/p>\n\t\t\t\t<\/div>\n\t\t\t<\/div>\n\t\t\t\t\t<\/a>\n\t\t\t\t<\/div>\n\t\t\t\t<\/div>\n\t\t\t\t\t<\/div>\n\t\t<\/div>\n\t\t\t\t\t<\/div>\n\t\t<\/section>\n\t\t\t\t<section class=\"elementor-section elementor-top-section elementor-element elementor-element-34189fc elementor-section-boxed elementor-section-height-default elementor-section-height-default\" data-id=\"34189fc\" data-element_type=\"section\">\n\t\t\t\t\t\t<div class=\"elementor-container elementor-column-gap-default\">\n\t\t\t\t\t<div class=\"elementor-column elementor-col-33 elementor-top-column elementor-element elementor-element-36cfda2\" data-id=\"36cfda2\" data-element_type=\"column\">\n\t\t\t<div class=\"elementor-widget-wrap elementor-element-populated\">\n\t\t\t\t\t\t<div class=\"elementor-element elementor-element-52262ca elementor-widget elementor-widget-e_image_hover_effects\" data-id=\"52262ca\" data-element_type=\"widget\" data-widget_type=\"e_image_hover_effects.default\">\n\t\t\t\t<div class=\"elementor-widget-container\">\n\t\t\t\t\t\t<a href=\"https:\/\/www.camillemassida.com\/fr\/interview-africa-24\/\">\n\t\t\t\t\t<div class=\"eihe-box eihe-fade-in-up eihe_center\">\n\t\t\t\t<img loading=\"lazy\" decoding=\"async\" width=\"2560\" height=\"1707\" src=\"https:\/\/www.camillemassida.com\/wp-content\/uploads\/2023\/01\/1.SPECIAL PLACE CALLED HOME\/CM_20191025_0496-scaled.jpg\" class=\"attachment-full size-full wp-image-2003\" alt=\"Tales of the Djibouti By Camille Massida\" srcset=\"https:\/\/www.camillemassida.com\/wp-content\/uploads\/2023\/01\/1.SPECIAL%20PLACE%20CALLED%20HOME\/CM_20191025_0496-scaled.jpg 2560w, https:\/\/www.camillemassida.com\/wp-content\/uploads\/2023\/01\/1.SPECIAL%20PLACE%20CALLED%20HOME\/CM_20191025_0496-scaled-600x400.jpg 600w, https:\/\/www.camillemassida.com\/wp-content\/uploads\/2023\/01\/1.SPECIAL%20PLACE%20CALLED%20HOME\/CM_20191025_0496-300x200.jpg 300w, https:\/\/www.camillemassida.com\/wp-content\/uploads\/2023\/01\/1.SPECIAL%20PLACE%20CALLED%20HOME\/CM_20191025_0496-1024x683.jpg 1024w, https:\/\/www.camillemassida.com\/wp-content\/uploads\/2023\/01\/1.SPECIAL%20PLACE%20CALLED%20HOME\/CM_20191025_0496-768x512.jpg 768w, https:\/\/www.camillemassida.com\/wp-content\/uploads\/2023\/01\/1.SPECIAL%20PLACE%20CALLED%20HOME\/CM_20191025_0496-1536x1024.jpg 1536w, https:\/\/www.camillemassida.com\/wp-content\/uploads\/2023\/01\/1.SPECIAL%20PLACE%20CALLED%20HOME\/CM_20191025_0496-2048x1365.jpg 2048w, https:\/\/www.camillemassida.com\/wp-content\/uploads\/2023\/01\/1.SPECIAL%20PLACE%20CALLED%20HOME\/CM_20191025_0496-18x12.jpg 18w, https:\/\/www.camillemassida.com\/wp-content\/uploads\/2023\/01\/1.SPECIAL%20PLACE%20CALLED%20HOME\/CM_20191025_0496-930x620.jpg 930w\" sizes=\"(max-width: 2560px) 100vw, 2560px\" \/>\t\t\t\t<div class=\"eihe-caption\">\n\t\t\t\t\t<div class=\"eihe-title-cover\">\n\t\t\t\t\t\t\t\t\t\t\t\t<h3 class=\"eihe-title\">INTERVIEW AFRICA 24<\/h3>\n\t\t\t\t\t\t\t\t\t\t\t<\/div>\n\t\t\t\t\t<p>Interview sur AFRICA 24 \u00e0 propos de l\u2019exposition ERRANCE, Djibouti et de ma passion pour la photographie<br> - le 14 Janvier 2021<\/p>\n\t\t\t\t<\/div>\n\t\t\t<\/div>\n\t\t\t\t\t<\/a>\n\t\t\t\t<\/div>\n\t\t\t\t<\/div>\n\t\t\t\t\t<\/div>\n\t\t<\/div>\n\t\t\t\t<div class=\"elementor-column elementor-col-33 elementor-top-column elementor-element elementor-element-0727a4c\" data-id=\"0727a4c\" data-element_type=\"column\">\n\t\t\t<div class=\"elementor-widget-wrap elementor-element-populated\">\n\t\t\t\t\t\t<div class=\"elementor-element elementor-element-86d367a elementor-widget elementor-widget-e_image_hover_effects\" data-id=\"86d367a\" data-element_type=\"widget\" data-widget_type=\"e_image_hover_effects.default\">\n\t\t\t\t<div class=\"elementor-widget-container\">\n\t\t\t\t\t\t<a href=\"https:\/\/www.camillemassida.com\/fr\/exposition-errance\/\">\n\t\t\t\t\t<div class=\"eihe-box eihe-fade-in-up eihe_center\">\n\t\t\t\t<img loading=\"lazy\" decoding=\"async\" width=\"2560\" height=\"1707\" src=\"https:\/\/www.camillemassida.com\/wp-content\/uploads\/2023\/01\/ARIZONA, ASTONISHING TRIBAL LAND\/CM_20190828_2120-scaled.jpg\" class=\"attachment-full size-full wp-image-1403\" alt=\"ARIZONA, ASTONISHING TRIBAL LAND, Road Trip the USA by Camille Massida Photography by Camille Massida Photography\" srcset=\"https:\/\/www.camillemassida.com\/wp-content\/uploads\/2023\/01\/ARIZONA,%20ASTONISHING%20TRIBAL%20LAND\/CM_20190828_2120-scaled.jpg 2560w, https:\/\/www.camillemassida.com\/wp-content\/uploads\/2023\/01\/ARIZONA,%20ASTONISHING%20TRIBAL%20LAND\/CM_20190828_2120-scaled-600x400.jpg 600w, https:\/\/www.camillemassida.com\/wp-content\/uploads\/2023\/01\/ARIZONA,%20ASTONISHING%20TRIBAL%20LAND\/CM_20190828_2120-300x200.jpg 300w, https:\/\/www.camillemassida.com\/wp-content\/uploads\/2023\/01\/ARIZONA,%20ASTONISHING%20TRIBAL%20LAND\/CM_20190828_2120-1024x683.jpg 1024w, https:\/\/www.camillemassida.com\/wp-content\/uploads\/2023\/01\/ARIZONA,%20ASTONISHING%20TRIBAL%20LAND\/CM_20190828_2120-768x512.jpg 768w, https:\/\/www.camillemassida.com\/wp-content\/uploads\/2023\/01\/ARIZONA,%20ASTONISHING%20TRIBAL%20LAND\/CM_20190828_2120-1536x1024.jpg 1536w, https:\/\/www.camillemassida.com\/wp-content\/uploads\/2023\/01\/ARIZONA,%20ASTONISHING%20TRIBAL%20LAND\/CM_20190828_2120-2048x1365.jpg 2048w, https:\/\/www.camillemassida.com\/wp-content\/uploads\/2023\/01\/ARIZONA,%20ASTONISHING%20TRIBAL%20LAND\/CM_20190828_2120-18x12.jpg 18w, https:\/\/www.camillemassida.com\/wp-content\/uploads\/2023\/01\/ARIZONA,%20ASTONISHING%20TRIBAL%20LAND\/CM_20190828_2120-930x620.jpg 930w\" sizes=\"(max-width: 2560px) 100vw, 2560px\" \/>\t\t\t\t<div class=\"eihe-caption\">\n\t\t\t\t\t<div class=\"eihe-title-cover\">\n\t\t\t\t\t\t\t\t\t\t\t\t<h3 class=\"eihe-title\">EXPOSITION ERRANCE<\/h3>\n\t\t\t\t\t\t\t\t\t\t\t<\/div>\n\t\t\t\t\t<p>Galerie Le Feuvre &amp; Roze <br>164 Rue du Faubourg Saint-Honor\u00e9 75008 Paris<br>du 7\nau 13 Janvier 2021\n<\/p>\n\t\t\t\t<\/div>\n\t\t\t<\/div>\n\t\t\t\t\t<\/a>\n\t\t\t\t<\/div>\n\t\t\t\t<\/div>\n\t\t\t\t\t<\/div>\n\t\t<\/div>\n\t\t\t\t<div class=\"elementor-column elementor-col-33 elementor-top-column elementor-element elementor-element-ede964d\" data-id=\"ede964d\" data-element_type=\"column\">\n\t\t\t<div class=\"elementor-widget-wrap\">\n\t\t\t\t\t\t\t<\/div>\n\t\t<\/div>\n\t\t\t\t\t<\/div>\n\t\t<\/section>\n\t\t\t\t<\/div>","protected":false},"excerpt":{"rendered":"<p>ART NOU MIL.LENNI Part of a collective exhibition at ART NOU MILLENNI Gallery in Barcelona 14th to 28th July 2022. COVERAGE FOR LE POINT MAGAZINE on the French Army in Djibouti (4 articles) December 2021 EXHIBIT ECHO in a gallery 5 rue Lobineau 75006 Paris from 29th October to 4th November 2021 ALIGNED BY THE&hellip;&nbsp;<a href=\"https:\/\/www.camillemassida.com\/fr\/events\/\" class=\"\" rel=\"bookmark\">Lire la suite &raquo;<span class=\"screen-reader-text\">Events<\/span><\/a><\/p>","protected":false},"author":1,"featured_media":0,"parent":0,"menu_order":0,"comment_status":"closed","ping_status":"closed","template":"elementor_header_footer","meta":{"neve_meta_sidebar":"","neve_meta_container":"","neve_meta_enable_content_width":"","neve_meta_content_width":0,"neve_meta_title_alignment":"","neve_meta_author_avatar":"","neve_post_elements_order":"","neve_meta_disable_header":"","neve_meta_disable_footer":"","neve_meta_disable_title":"","footnotes":""},"_links":{"self":[{"href":"https:\/\/www.camillemassida.com\/fr\/wp-json\/wp\/v2\/pages\/29"}],"collection":[{"href":"https:\/\/www.camillemassida.com\/fr\/wp-json\/wp\/v2\/pages"}],"about":[{"href":"https:\/\/www.camillemassida.com\/fr\/wp-json\/wp\/v2\/types\/page"}],"author":[{"embeddable":true,"href":"https:\/\/www.camillemassida.com\/fr\/wp-json\/wp\/v2\/users\/1"}],"replies":[{"embeddable":true,"href":"https:\/\/www.camillemassida.com\/fr\/wp-json\/wp\/v2\/comments?post=29"}],"version-history":[{"count":46,"href":"https:\/\/www.camillemassida.com\/fr\/wp-json\/wp\/v2\/pages\/29\/revisions"}],"predecessor-version":[{"id":3494,"href":"https:\/\/www.camillemassida.com\/fr\/wp-json\/wp\/v2\/pages\/29\/revisions\/3494"}],"wp:attachment":[{"href":"https:\/\/www.camillemassida.com\/fr\/wp-json\/wp\/v2\/media?parent=29"}],"curies":[{"name":"wp","href":"https:\/\/api.w.org\/{rel}","templated":true}]}}