{"id":25,"date":"2023-01-10T09:40:56","date_gmt":"2023-01-10T09:40:56","guid":{"rendered":"https:\/\/www.camillemassida.com\/?page_id=25"},"modified":"2023-06-30T17:18:36","modified_gmt":"2023-06-30T17:18:36","slug":"journal","status":"publish","type":"page","link":"https:\/\/www.camillemassida.com\/fr\/journal\/","title":{"rendered":"Journal"},"content":{"rendered":"<div data-elementor-type=\"wp-page\" data-elementor-id=\"25\" class=\"elementor elementor-25\" data-elementor-post-type=\"page\">\n\t\t\t\t\t\t<section class=\"elementor-section elementor-top-section elementor-element elementor-element-77dbca0 elementor-section-boxed elementor-section-height-default elementor-section-height-default\" data-id=\"77dbca0\" data-element_type=\"section\">\n\t\t\t\t\t\t<div class=\"elementor-container elementor-column-gap-default\">\n\t\t\t\t\t<div class=\"elementor-column elementor-col-100 elementor-top-column elementor-element elementor-element-8d05e48\" data-id=\"8d05e48\" data-element_type=\"column\">\n\t\t\t<div class=\"elementor-widget-wrap elementor-element-populated\">\n\t\t\t\t\t\t<div class=\"elementor-element elementor-element-5dc3abf elementor-widget elementor-widget-spacer\" data-id=\"5dc3abf\" data-element_type=\"widget\" data-widget_type=\"spacer.default\">\n\t\t\t\t<div class=\"elementor-widget-container\">\n\t\t\t<style>\/*! elementor - v3.20.0 - 20-03-2024 *\/\n.elementor-column .elementor-spacer-inner{height:var(--spacer-size)}.e-con{--container-widget-width:100%}.e-con-inner>.elementor-widget-spacer,.e-con>.elementor-widget-spacer{width:var(--container-widget-width,var(--spacer-size));--align-self:var(--container-widget-align-self,initial);--flex-shrink:0}.e-con-inner>.elementor-widget-spacer>.elementor-widget-container,.e-con>.elementor-widget-spacer>.elementor-widget-container{height:100%;width:100%}.e-con-inner>.elementor-widget-spacer>.elementor-widget-container>.elementor-spacer,.e-con>.elementor-widget-spacer>.elementor-widget-container>.elementor-spacer{height:100%}.e-con-inner>.elementor-widget-spacer>.elementor-widget-container>.elementor-spacer>.elementor-spacer-inner,.e-con>.elementor-widget-spacer>.elementor-widget-container>.elementor-spacer>.elementor-spacer-inner{height:var(--container-widget-height,var(--spacer-size))}.e-con-inner>.elementor-widget-spacer.elementor-widget-empty,.e-con>.elementor-widget-spacer.elementor-widget-empty{position:relative;min-height:22px;min-width:22px}.e-con-inner>.elementor-widget-spacer.elementor-widget-empty .elementor-widget-empty-icon,.e-con>.elementor-widget-spacer.elementor-widget-empty .elementor-widget-empty-icon{position:absolute;top:0;bottom:0;left:0;right:0;margin:auto;padding:0;width:22px;height:22px}<\/style>\t\t<div class=\"elementor-spacer\">\n\t\t\t<div class=\"elementor-spacer-inner\"><\/div>\n\t\t<\/div>\n\t\t\t\t<\/div>\n\t\t\t\t<\/div>\n\t\t\t\t\t<\/div>\n\t\t<\/div>\n\t\t\t\t\t<\/div>\n\t\t<\/section>\n\t\t\t\t<section class=\"elementor-section elementor-top-section elementor-element elementor-element-8b3c31c elementor-section-boxed elementor-section-height-default elementor-section-height-default\" data-id=\"8b3c31c\" data-element_type=\"section\">\n\t\t\t\t\t\t<div class=\"elementor-container elementor-column-gap-default\">\n\t\t\t\t\t<div class=\"elementor-column elementor-col-33 elementor-top-column elementor-element elementor-element-aeb15b4\" data-id=\"aeb15b4\" data-element_type=\"column\">\n\t\t\t<div class=\"elementor-widget-wrap elementor-element-populated\">\n\t\t\t\t\t\t<div class=\"elementor-element elementor-element-8163366 elementor-widget elementor-widget-e_image_hover_effects\" data-id=\"8163366\" data-element_type=\"widget\" data-widget_type=\"e_image_hover_effects.default\">\n\t\t\t\t<div class=\"elementor-widget-container\">\n\t\t\t\t\t\t<a href=\"https:\/\/www.camillemassida.com\/fr\/reportage-le-point\/\">\n\t\t\t\t\t<div class=\"eihe-box eihe-fade-in-up eihe_center\">\n\t\t\t\t<img fetchpriority=\"high\" decoding=\"async\" width=\"2560\" height=\"1707\" src=\"https:\/\/www.camillemassida.com\/wp-content\/uploads\/2023\/01\/REPORTAGE LE POINT\/CM_20211125_0137-scaled.jpg\" class=\"attachment-full size-full wp-image-1241\" alt=\"Reportage Le Point Camille Massida\" srcset=\"https:\/\/www.camillemassida.com\/wp-content\/uploads\/2023\/01\/REPORTAGE%20LE%20POINT\/CM_20211125_0137-scaled.jpg 2560w, https:\/\/www.camillemassida.com\/wp-content\/uploads\/2023\/01\/REPORTAGE%20LE%20POINT\/CM_20211125_0137-scaled-600x400.jpg 600w, https:\/\/www.camillemassida.com\/wp-content\/uploads\/2023\/01\/REPORTAGE%20LE%20POINT\/CM_20211125_0137-300x200.jpg 300w, https:\/\/www.camillemassida.com\/wp-content\/uploads\/2023\/01\/REPORTAGE%20LE%20POINT\/CM_20211125_0137-1024x683.jpg 1024w, https:\/\/www.camillemassida.com\/wp-content\/uploads\/2023\/01\/REPORTAGE%20LE%20POINT\/CM_20211125_0137-768x512.jpg 768w, https:\/\/www.camillemassida.com\/wp-content\/uploads\/2023\/01\/REPORTAGE%20LE%20POINT\/CM_20211125_0137-1536x1024.jpg 1536w, https:\/\/www.camillemassida.com\/wp-content\/uploads\/2023\/01\/REPORTAGE%20LE%20POINT\/CM_20211125_0137-2048x1365.jpg 2048w, https:\/\/www.camillemassida.com\/wp-content\/uploads\/2023\/01\/REPORTAGE%20LE%20POINT\/CM_20211125_0137-18x12.jpg 18w, https:\/\/www.camillemassida.com\/wp-content\/uploads\/2023\/01\/REPORTAGE%20LE%20POINT\/CM_20211125_0137-930x620.jpg 930w\" sizes=\"(max-width: 2560px) 100vw, 2560px\" \/>\t\t\t\t<div class=\"eihe-caption\">\n\t\t\t\t\t<div class=\"eihe-title-cover\">\n\t\t\t\t\t\t\t\t\t\t\t\t<h5 class=\"eihe-title\">REPORTAGE LE POINT ARM\u00c9E FRAN\u00c7AISE \u00c0 DJIBOUTI<\/h5>\n\t\t\t\t\t\t\t\t\t\t\t<\/div>\n\t\t\t\t\t<p>Pr\u00e9sentes depuis plusieurs d\u00e9cennies et avec 1450 militaires d\u00e9ploy\u00e9s, les Forces fran\u00e7aises stationn\u00e9es \u00e0\nDjibouti (FFDj), les Forces fran\u00e7aises stationn\u00e9es \u00e0 Djibouti (FFDj) ont une place consid\u00e9rable et parmi toutes\nles bases stationn\u00e9es \u00e0 Djibouti, la Fran\u00e7aise est la plus proche des Djiboutiens.<\/p>\n\t\t\t\t<\/div>\n\t\t\t<\/div>\n\t\t\t\t\t<\/a>\n\t\t\t\t<\/div>\n\t\t\t\t<\/div>\n\t\t\t\t\t<\/div>\n\t\t<\/div>\n\t\t\t\t<div class=\"elementor-column elementor-col-33 elementor-top-column elementor-element elementor-element-5d8a946\" data-id=\"5d8a946\" data-element_type=\"column\">\n\t\t\t<div class=\"elementor-widget-wrap elementor-element-populated\">\n\t\t\t\t\t\t<div class=\"elementor-element elementor-element-5d06ad0 elementor-widget elementor-widget-e_image_hover_effects\" data-id=\"5d06ad0\" data-element_type=\"widget\" data-widget_type=\"e_image_hover_effects.default\">\n\t\t\t\t<div class=\"elementor-widget-container\">\n\t\t\t\t\t\t<a href=\"https:\/\/www.camillemassida.com\/fr\/around-mont-blanc\/\">\n\t\t\t\t\t<div class=\"eihe-box eihe-fade-in-up eihe_center\">\n\t\t\t\t<img decoding=\"async\" width=\"2560\" height=\"1707\" src=\"https:\/\/www.camillemassida.com\/wp-content\/uploads\/2023\/01\/AROUND_MONT_BLANC\/CM_20200829_0623-scaled.jpg\" class=\"attachment-full size-full wp-image-1951\" alt=\"Around Mont Blanc by Camille Massida Photography\" srcset=\"https:\/\/www.camillemassida.com\/wp-content\/uploads\/2023\/01\/AROUND_MONT_BLANC\/CM_20200829_0623-scaled.jpg 2560w, https:\/\/www.camillemassida.com\/wp-content\/uploads\/2023\/01\/AROUND_MONT_BLANC\/CM_20200829_0623-scaled-600x400.jpg 600w, https:\/\/www.camillemassida.com\/wp-content\/uploads\/2023\/01\/AROUND_MONT_BLANC\/CM_20200829_0623-300x200.jpg 300w, https:\/\/www.camillemassida.com\/wp-content\/uploads\/2023\/01\/AROUND_MONT_BLANC\/CM_20200829_0623-1024x683.jpg 1024w, https:\/\/www.camillemassida.com\/wp-content\/uploads\/2023\/01\/AROUND_MONT_BLANC\/CM_20200829_0623-768x512.jpg 768w, https:\/\/www.camillemassida.com\/wp-content\/uploads\/2023\/01\/AROUND_MONT_BLANC\/CM_20200829_0623-1536x1024.jpg 1536w, https:\/\/www.camillemassida.com\/wp-content\/uploads\/2023\/01\/AROUND_MONT_BLANC\/CM_20200829_0623-2048x1365.jpg 2048w, https:\/\/www.camillemassida.com\/wp-content\/uploads\/2023\/01\/AROUND_MONT_BLANC\/CM_20200829_0623-18x12.jpg 18w, https:\/\/www.camillemassida.com\/wp-content\/uploads\/2023\/01\/AROUND_MONT_BLANC\/CM_20200829_0623-930x620.jpg 930w\" sizes=\"(max-width: 2560px) 100vw, 2560px\" \/>\t\t\t\t<div class=\"eihe-caption\">\n\t\t\t\t\t<div class=\"eihe-title-cover\">\n\t\t\t\t\t\t\t\t\t\t\t\t<h4 class=\"eihe-title\"> AUTOUR DU MONT BLANC<\/h4>\n\t\t\t\t\t\t\t\t\t\t\t<\/div>\n\t\t\t\t\t<p>Le Mont Blanc, le point culminant de la cha\u00eene des Alpes et un des plus connus dans le monde avec une\naltitude de 4 808 m\u00e8tres, attire tous les ans des sportifs de toutes cat\u00e9gories \u00e0 repousser leurs limites. En Ao\u00fbt\n2020, j\u2019ai eu l\u2019opportunit\u00e9 de suivre et photographier un cycliste passionn\u00e9, Steven Le Hyaric, autour du\nMont-Blanc en trois jours.<\/p>\n\t\t\t\t<\/div>\n\t\t\t<\/div>\n\t\t\t\t\t<\/a>\n\t\t\t\t<\/div>\n\t\t\t\t<\/div>\n\t\t\t\t\t<\/div>\n\t\t<\/div>\n\t\t\t\t<div class=\"elementor-column elementor-col-33 elementor-top-column elementor-element elementor-element-0824a5a\" data-id=\"0824a5a\" data-element_type=\"column\">\n\t\t\t<div class=\"elementor-widget-wrap elementor-element-populated\">\n\t\t\t\t\t\t<div class=\"elementor-element elementor-element-e29436f elementor-widget elementor-widget-e_image_hover_effects\" data-id=\"e29436f\" data-element_type=\"widget\" data-widget_type=\"e_image_hover_effects.default\">\n\t\t\t\t<div class=\"elementor-widget-container\">\n\t\t\t\t\t\t<a href=\"https:\/\/www.camillemassida.com\/fr\/arizona-astonishing-tribal-land\/\">\n\t\t\t\t\t<div class=\"eihe-box eihe-fade-in-up eihe_center\">\n\t\t\t\t<img decoding=\"async\" width=\"2560\" height=\"1707\" src=\"https:\/\/www.camillemassida.com\/wp-content\/uploads\/2023\/01\/ARIZONA, ASTONISHING TRIBAL LAND\/CM_20190828_2120-scaled.jpg\" class=\"attachment-full size-full wp-image-1403\" alt=\"ARIZONA, ASTONISHING TRIBAL LAND, Road Trip the USA by Camille Massida Photography by Camille Massida Photography\" srcset=\"https:\/\/www.camillemassida.com\/wp-content\/uploads\/2023\/01\/ARIZONA,%20ASTONISHING%20TRIBAL%20LAND\/CM_20190828_2120-scaled.jpg 2560w, https:\/\/www.camillemassida.com\/wp-content\/uploads\/2023\/01\/ARIZONA,%20ASTONISHING%20TRIBAL%20LAND\/CM_20190828_2120-scaled-600x400.jpg 600w, https:\/\/www.camillemassida.com\/wp-content\/uploads\/2023\/01\/ARIZONA,%20ASTONISHING%20TRIBAL%20LAND\/CM_20190828_2120-300x200.jpg 300w, https:\/\/www.camillemassida.com\/wp-content\/uploads\/2023\/01\/ARIZONA,%20ASTONISHING%20TRIBAL%20LAND\/CM_20190828_2120-1024x683.jpg 1024w, https:\/\/www.camillemassida.com\/wp-content\/uploads\/2023\/01\/ARIZONA,%20ASTONISHING%20TRIBAL%20LAND\/CM_20190828_2120-768x512.jpg 768w, https:\/\/www.camillemassida.com\/wp-content\/uploads\/2023\/01\/ARIZONA,%20ASTONISHING%20TRIBAL%20LAND\/CM_20190828_2120-1536x1024.jpg 1536w, https:\/\/www.camillemassida.com\/wp-content\/uploads\/2023\/01\/ARIZONA,%20ASTONISHING%20TRIBAL%20LAND\/CM_20190828_2120-2048x1365.jpg 2048w, https:\/\/www.camillemassida.com\/wp-content\/uploads\/2023\/01\/ARIZONA,%20ASTONISHING%20TRIBAL%20LAND\/CM_20190828_2120-18x12.jpg 18w, https:\/\/www.camillemassida.com\/wp-content\/uploads\/2023\/01\/ARIZONA,%20ASTONISHING%20TRIBAL%20LAND\/CM_20190828_2120-930x620.jpg 930w\" sizes=\"(max-width: 2560px) 100vw, 2560px\" \/>\t\t\t\t<div class=\"eihe-caption\">\n\t\t\t\t\t<div class=\"eihe-title-cover\">\n\t\t\t\t\t\t\t\t\t\t\t\t<h4 class=\"eihe-title\">ARIZONA, TERRE TRIBALE \u00c9TONNANTE<\/h4>\n\t\t\t\t\t\t\t\t\t\t\t<\/div>\n\t\t\t\t\t<p>L'\u00e9tat de l'Arizona est souvent consid\u00e9r\u00e9 comme un d\u00e9sert et rien de plus mais il regorge de lieux et de\npaysages grandioses, et environ un quart de l'\u00e9tat est compos\u00e9 de r\u00e9serves indiennes dont la Nation Navajo,\nla plus grande des \u00c9tats-Unis avec plus de 300 000 citoyens.<\/p>\n\t\t\t\t<\/div>\n\t\t\t<\/div>\n\t\t\t\t\t<\/a>\n\t\t\t\t<\/div>\n\t\t\t\t<\/div>\n\t\t\t\t\t<\/div>\n\t\t<\/div>\n\t\t\t\t\t<\/div>\n\t\t<\/section>\n\t\t\t\t<section class=\"elementor-section elementor-top-section elementor-element elementor-element-2e0a7db elementor-section-boxed elementor-section-height-default elementor-section-height-default\" data-id=\"2e0a7db\" data-element_type=\"section\">\n\t\t\t\t\t\t<div class=\"elementor-container elementor-column-gap-default\">\n\t\t\t\t\t<div class=\"elementor-column elementor-col-33 elementor-top-column elementor-element elementor-element-0e35bd1\" data-id=\"0e35bd1\" data-element_type=\"column\">\n\t\t\t<div class=\"elementor-widget-wrap elementor-element-populated\">\n\t\t\t\t\t\t<div class=\"elementor-element elementor-element-898a7f4 elementor-widget elementor-widget-e_image_hover_effects\" data-id=\"898a7f4\" data-element_type=\"widget\" data-widget_type=\"e_image_hover_effects.default\">\n\t\t\t\t<div class=\"elementor-widget-container\">\n\t\t\t\t\t\t<a href=\"https:\/\/www.camillemassida.com\/fr\/oak-alley-plantation\/\">\n\t\t\t\t\t<div class=\"eihe-box eihe-fade-in-up eihe_center\">\n\t\t\t\t<img loading=\"lazy\" decoding=\"async\" width=\"2560\" height=\"1707\" src=\"https:\/\/www.camillemassida.com\/wp-content\/uploads\/2023\/01\/OAK ALLEY PLANTATION\/CM_20190821_1462-scaled.jpg\" class=\"attachment-full size-full wp-image-1422\" alt=\"Oak Allay Plantation\" srcset=\"https:\/\/www.camillemassida.com\/wp-content\/uploads\/2023\/01\/OAK%20ALLEY%20PLANTATION\/CM_20190821_1462-scaled.jpg 2560w, https:\/\/www.camillemassida.com\/wp-content\/uploads\/2023\/01\/OAK%20ALLEY%20PLANTATION\/CM_20190821_1462-scaled-600x400.jpg 600w, https:\/\/www.camillemassida.com\/wp-content\/uploads\/2023\/01\/OAK%20ALLEY%20PLANTATION\/CM_20190821_1462-300x200.jpg 300w, https:\/\/www.camillemassida.com\/wp-content\/uploads\/2023\/01\/OAK%20ALLEY%20PLANTATION\/CM_20190821_1462-1024x683.jpg 1024w, https:\/\/www.camillemassida.com\/wp-content\/uploads\/2023\/01\/OAK%20ALLEY%20PLANTATION\/CM_20190821_1462-768x512.jpg 768w, https:\/\/www.camillemassida.com\/wp-content\/uploads\/2023\/01\/OAK%20ALLEY%20PLANTATION\/CM_20190821_1462-1536x1024.jpg 1536w, https:\/\/www.camillemassida.com\/wp-content\/uploads\/2023\/01\/OAK%20ALLEY%20PLANTATION\/CM_20190821_1462-2048x1365.jpg 2048w, https:\/\/www.camillemassida.com\/wp-content\/uploads\/2023\/01\/OAK%20ALLEY%20PLANTATION\/CM_20190821_1462-18x12.jpg 18w, https:\/\/www.camillemassida.com\/wp-content\/uploads\/2023\/01\/OAK%20ALLEY%20PLANTATION\/CM_20190821_1462-930x620.jpg 930w\" sizes=\"(max-width: 2560px) 100vw, 2560px\" \/>\t\t\t\t<div class=\"eihe-caption\">\n\t\t\t\t\t<div class=\"eihe-title-cover\">\n\t\t\t\t\t\t\t\t\t\t\t\t<h4 class=\"eihe-title\">BIENVENUE \u00c0 LA PLANTATION OAK ALLEY<\/h4>\n\t\t\t\t\t\t\t\t\t\t\t<\/div>\n\t\t\t\t\t<p>Oak Alley Plantation est un lieu historique situ\u00e9 pr\u00e8s du fleuve Mississippi, \u00e0 environ une heure de la\nNouvelle-Orl\u00e9ans.\nSa figure la plus distingu\u00e9e est l'all\u00e9e faite d'immenses ch\u00eanes plant\u00e9s au d\u00e9but du XVIIIe si\u00e8cle, qui est\nabsolument \u00e9poustouflante<\/p>\n\t\t\t\t<\/div>\n\t\t\t<\/div>\n\t\t\t\t\t<\/a>\n\t\t\t\t<\/div>\n\t\t\t\t<\/div>\n\t\t\t\t\t<\/div>\n\t\t<\/div>\n\t\t\t\t<div class=\"elementor-column elementor-col-33 elementor-top-column elementor-element elementor-element-3821e97\" data-id=\"3821e97\" data-element_type=\"column\">\n\t\t\t<div class=\"elementor-widget-wrap elementor-element-populated\">\n\t\t\t\t\t\t<div class=\"elementor-element elementor-element-9e07345 elementor-widget elementor-widget-e_image_hover_effects\" data-id=\"9e07345\" data-element_type=\"widget\" data-widget_type=\"e_image_hover_effects.default\">\n\t\t\t\t<div class=\"elementor-widget-container\">\n\t\t\t\t\t\t<a href=\"https:\/\/www.camillemassida.com\/fr\/kids-of-the-salted-lake\/\">\n\t\t\t\t\t<div class=\"eihe-box eihe-fade-in-up eihe_center\">\n\t\t\t\t<img loading=\"lazy\" decoding=\"async\" width=\"2560\" height=\"1707\" src=\"https:\/\/www.camillemassida.com\/wp-content\/uploads\/2023\/01\/KIDS OF THE SALTED LAKE\/CM_20181227_0171-scaled.jpg\" class=\"attachment-full size-full wp-image-1435\" alt=\"KIDS OF THE SALTED LAKE by Camille Massida\" srcset=\"https:\/\/www.camillemassida.com\/wp-content\/uploads\/2023\/01\/KIDS%20OF%20THE%20SALTED%20LAKE\/CM_20181227_0171-scaled.jpg 2560w, https:\/\/www.camillemassida.com\/wp-content\/uploads\/2023\/01\/KIDS%20OF%20THE%20SALTED%20LAKE\/CM_20181227_0171-scaled-600x400.jpg 600w, https:\/\/www.camillemassida.com\/wp-content\/uploads\/2023\/01\/KIDS%20OF%20THE%20SALTED%20LAKE\/CM_20181227_0171-300x200.jpg 300w, https:\/\/www.camillemassida.com\/wp-content\/uploads\/2023\/01\/KIDS%20OF%20THE%20SALTED%20LAKE\/CM_20181227_0171-1024x683.jpg 1024w, https:\/\/www.camillemassida.com\/wp-content\/uploads\/2023\/01\/KIDS%20OF%20THE%20SALTED%20LAKE\/CM_20181227_0171-768x512.jpg 768w, https:\/\/www.camillemassida.com\/wp-content\/uploads\/2023\/01\/KIDS%20OF%20THE%20SALTED%20LAKE\/CM_20181227_0171-1536x1024.jpg 1536w, https:\/\/www.camillemassida.com\/wp-content\/uploads\/2023\/01\/KIDS%20OF%20THE%20SALTED%20LAKE\/CM_20181227_0171-2048x1365.jpg 2048w, https:\/\/www.camillemassida.com\/wp-content\/uploads\/2023\/01\/KIDS%20OF%20THE%20SALTED%20LAKE\/CM_20181227_0171-18x12.jpg 18w, https:\/\/www.camillemassida.com\/wp-content\/uploads\/2023\/01\/KIDS%20OF%20THE%20SALTED%20LAKE\/CM_20181227_0171-930x620.jpg 930w\" sizes=\"(max-width: 2560px) 100vw, 2560px\" \/>\t\t\t\t<div class=\"eihe-caption\">\n\t\t\t\t\t<div class=\"eihe-title-cover\">\n\t\t\t\t\t\t\t\t\t\t\t\t<h4 class=\"eihe-title\">LES ENFANTS DU LAC SAL\u00c9<\/h4>\n\t\t\t\t\t\t\t\t\t\t\t<\/div>\n\t\t\t\t\t<p>Le lac Assal est un lac sal\u00e9 situ\u00e9 au centre de Djibouti, un pays de la Corne de l'Afrique, et est consid\u00e9r\u00e9\ncomme le point le plus bas d'Afrique. Il a un fort potentiel touristique et par cons\u00e9quent, les enfants\nattendent que les visiteurs vendent les produits qu'ils ont eux-m\u00eames fabriqu\u00e9s, principalement \u00e0 partir de\nsel. <\/p>\n\t\t\t\t<\/div>\n\t\t\t<\/div>\n\t\t\t\t\t<\/a>\n\t\t\t\t<\/div>\n\t\t\t\t<\/div>\n\t\t\t\t\t<\/div>\n\t\t<\/div>\n\t\t\t\t<div class=\"elementor-column elementor-col-33 elementor-top-column elementor-element elementor-element-4ff7bfd\" data-id=\"4ff7bfd\" data-element_type=\"column\">\n\t\t\t<div class=\"elementor-widget-wrap\">\n\t\t\t\t\t\t\t<\/div>\n\t\t<\/div>\n\t\t\t\t\t<\/div>\n\t\t<\/section>\n\t\t\t\t<\/div>","protected":false},"excerpt":{"rendered":"<p>REPORTAGE LE POINT FRENCH ARMY IN DJIBOUTI Present for several decades and with 1450 soldiers deployed, the French Forces stationed in Djibouti (FFDj), the French Forces stationed in Djibouti (FFDj) have a considerable place and among all the bases stationed in Djibouti, the French is the closest to the Djiboutians . AROUND MONT BLANC Mont&hellip;&nbsp;<a href=\"https:\/\/www.camillemassida.com\/fr\/journal\/\" class=\"\" rel=\"bookmark\">Lire la suite &raquo;<span class=\"screen-reader-text\">Journal<\/span><\/a><\/p>","protected":false},"author":1,"featured_media":0,"parent":0,"menu_order":0,"comment_status":"closed","ping_status":"closed","template":"elementor_header_footer","meta":{"neve_meta_sidebar":"","neve_meta_container":"","neve_meta_enable_content_width":"","neve_meta_content_width":0,"neve_meta_title_alignment":"","neve_meta_author_avatar":"","neve_post_elements_order":"","neve_meta_disable_header":"","neve_meta_disable_footer":"","neve_meta_disable_title":"","footnotes":""},"_links":{"self":[{"href":"https:\/\/www.camillemassida.com\/fr\/wp-json\/wp\/v2\/pages\/25"}],"collection":[{"href":"https:\/\/www.camillemassida.com\/fr\/wp-json\/wp\/v2\/pages"}],"about":[{"href":"https:\/\/www.camillemassida.com\/fr\/wp-json\/wp\/v2\/types\/page"}],"author":[{"embeddable":true,"href":"https:\/\/www.camillemassida.com\/fr\/wp-json\/wp\/v2\/users\/1"}],"replies":[{"embeddable":true,"href":"https:\/\/www.camillemassida.com\/fr\/wp-json\/wp\/v2\/comments?post=25"}],"version-history":[{"count":31,"href":"https:\/\/www.camillemassida.com\/fr\/wp-json\/wp\/v2\/pages\/25\/revisions"}],"predecessor-version":[{"id":15374,"href":"https:\/\/www.camillemassida.com\/fr\/wp-json\/wp\/v2\/pages\/25\/revisions\/15374"}],"wp:attachment":[{"href":"https:\/\/www.camillemassida.com\/fr\/wp-json\/wp\/v2\/media?parent=25"}],"curies":[{"name":"wp","href":"https:\/\/api.w.org\/{rel}","templated":true}]}}