{"id":14085,"date":"2023-03-13T10:18:04","date_gmt":"2023-03-13T10:18:04","guid":{"rendered":"https:\/\/www.camillemassida.com\/?page_id=14085"},"modified":"2023-03-13T10:25:35","modified_gmt":"2023-03-13T10:25:35","slug":"elementor-14085","status":"publish","type":"page","link":"https:\/\/www.camillemassida.com\/fr\/elementor-14085\/","title":{"rendered":"Elementor #14085"},"content":{"rendered":"<div data-elementor-type=\"wp-page\" data-elementor-id=\"14085\" class=\"elementor elementor-14085\" data-elementor-post-type=\"page\">\n\t\t\t\t\t\t<section class=\"elementor-section elementor-top-section elementor-element elementor-element-fdb6a18 elementor-section-boxed elementor-section-height-default elementor-section-height-default\" data-id=\"fdb6a18\" data-element_type=\"section\">\n\t\t\t\t\t\t<div class=\"elementor-container elementor-column-gap-default\">\n\t\t\t\t\t<div class=\"elementor-column elementor-col-100 elementor-top-column elementor-element elementor-element-a1c22fa\" data-id=\"a1c22fa\" data-element_type=\"column\">\n\t\t\t<div class=\"elementor-widget-wrap elementor-element-populated\">\n\t\t\t\t\t\t<div class=\"elementor-element elementor-element-7bb4079 elementor-widget elementor-widget-e_image_hover_effects\" data-id=\"7bb4079\" data-element_type=\"widget\" data-widget_type=\"e_image_hover_effects.default\">\n\t\t\t\t<div class=\"elementor-widget-container\">\n\t\t\t\t\t\t<div class=\"eihe-box eihe-slide-up eihe_center\">\n\t\t\t\t<img fetchpriority=\"high\" decoding=\"async\" width=\"2560\" height=\"1707\" src=\"https:\/\/www.camillemassida.com\/wp-content\/uploads\/2023\/01\/1.SPECIAL PLACE CALLED HOME\/CM_20191024_0226-scaled.jpg\" class=\"attachment-full size-full wp-image-1992\" alt=\"Tales of the Djibouti By Camille Massida\" srcset=\"https:\/\/www.camillemassida.com\/wp-content\/uploads\/2023\/01\/1.SPECIAL%20PLACE%20CALLED%20HOME\/CM_20191024_0226-scaled.jpg 2560w, https:\/\/www.camillemassida.com\/wp-content\/uploads\/2023\/01\/1.SPECIAL%20PLACE%20CALLED%20HOME\/CM_20191024_0226-scaled-600x400.jpg 600w, https:\/\/www.camillemassida.com\/wp-content\/uploads\/2023\/01\/1.SPECIAL%20PLACE%20CALLED%20HOME\/CM_20191024_0226-300x200.jpg 300w, https:\/\/www.camillemassida.com\/wp-content\/uploads\/2023\/01\/1.SPECIAL%20PLACE%20CALLED%20HOME\/CM_20191024_0226-1024x683.jpg 1024w, https:\/\/www.camillemassida.com\/wp-content\/uploads\/2023\/01\/1.SPECIAL%20PLACE%20CALLED%20HOME\/CM_20191024_0226-768x512.jpg 768w, https:\/\/www.camillemassida.com\/wp-content\/uploads\/2023\/01\/1.SPECIAL%20PLACE%20CALLED%20HOME\/CM_20191024_0226-1536x1024.jpg 1536w, https:\/\/www.camillemassida.com\/wp-content\/uploads\/2023\/01\/1.SPECIAL%20PLACE%20CALLED%20HOME\/CM_20191024_0226-2048x1365.jpg 2048w, https:\/\/www.camillemassida.com\/wp-content\/uploads\/2023\/01\/1.SPECIAL%20PLACE%20CALLED%20HOME\/CM_20191024_0226-18x12.jpg 18w, https:\/\/www.camillemassida.com\/wp-content\/uploads\/2023\/01\/1.SPECIAL%20PLACE%20CALLED%20HOME\/CM_20191024_0226-930x620.jpg 930w\" sizes=\"(max-width: 2560px) 100vw, 2560px\" \/>\t\t\t\t<div class=\"eihe-caption\">\n\t\t\t\t\t<div class=\"eihe-title-cover\">\n\t\t\t\t\t\t\t\t\t\t\t\t<h3 class=\"eihe-title\">LEGAL NOTICE<\/h3>\n\t\t\t\t\t\t\t\t\t\t\t<\/div>\n\t\t\t\t\t<p><\/p>\n\t\t\t\t<\/div>\n\t\t\t<\/div>\n\t\t\t\t<\/div>\n\t\t\t\t<\/div>\n\t\t\t\t\t<\/div>\n\t\t<\/div>\n\t\t\t\t\t<\/div>\n\t\t<\/section>\n\t\t\t\t<section class=\"elementor-section elementor-top-section elementor-element elementor-element-f8ff5bc elementor-section-boxed elementor-section-height-default elementor-section-height-default\" data-id=\"f8ff5bc\" data-element_type=\"section\">\n\t\t\t\t\t\t<div class=\"elementor-container elementor-column-gap-default\">\n\t\t\t\t\t<div class=\"elementor-column elementor-col-100 elementor-top-column elementor-element elementor-element-163e8b2\" data-id=\"163e8b2\" data-element_type=\"column\">\n\t\t\t<div class=\"elementor-widget-wrap elementor-element-populated\">\n\t\t\t\t\t\t<div class=\"elementor-element elementor-element-e05cf2e elementor-widget elementor-widget-text-editor\" data-id=\"e05cf2e\" data-element_type=\"widget\" data-widget_type=\"text-editor.default\">\n\t\t\t\t<div class=\"elementor-widget-container\">\n\t\t\t<style>\/*! elementor - v3.20.0 - 20-03-2024 *\/\n.elementor-widget-text-editor.elementor-drop-cap-view-stacked .elementor-drop-cap{background-color:#69727d;color:#fff}.elementor-widget-text-editor.elementor-drop-cap-view-framed .elementor-drop-cap{color:#69727d;border:3px solid;background-color:transparent}.elementor-widget-text-editor:not(.elementor-drop-cap-view-default) .elementor-drop-cap{margin-top:8px}.elementor-widget-text-editor:not(.elementor-drop-cap-view-default) .elementor-drop-cap-letter{width:1em;height:1em}.elementor-widget-text-editor .elementor-drop-cap{float:left;text-align:center;line-height:1;font-size:50px}.elementor-widget-text-editor .elementor-drop-cap-letter{display:inline-block}<\/style>\t\t\t\t<p>1. Modification du site<br \/>Under Article 6 of Law No. 2004-575 of June 21, 2004 on confidence in the digital economy, users of the website https:\/\/camillemassida\/ are informed of the identity of the various stakeholders in the framework for its implementation and monitoring:<\/p><p>Site owner: Camille Massida Photography \u2013 Contact: camillemassidaphotography@gmail.com \u2013 Address: 9 RUE JEAN FRANCOIS GERBILLON<br \/>75006 PARIS<\/p><p>Identification of the company: Artisan Devalez Patrice Le Domaine Devalez with a share capital of \u20ac \u2013 SIREN: 448 288 191 \u2013 RCS or RM: 448 288 191 RM 85 \u2013 Postal address: 9 RUE JEAN FRANCOIS GERBILLON<br \/>75006 PARIS<\/p><p>camillemassidaphotography@gmail.com<\/p><p>Directeur de la publication : Camille Massida Photography \u2013 Contact : camillemassidaphotography@gmail.com.<\/p><p>Host: OVH SAS \u2013 2 rue Kellermann \u2013 BP 80157 \u2013 59053 Roubaix Cedex 1 \u2013 Telephone: 1007<\/p><p>Data Protection Officer: Devalez Patrice \u2013 devalezpatrice@gmail.com<\/p><p>Autres contributeurs : Synapse Creation<\/p><p>2. Propri\u00e9t\u00e9 intellectuelle et infractions.<br \/>Devalez Patrice The Domaine Devalez is the owner of the intellectual property rights and holds the rights of use on all the elements accessible on the website, in particular the texts, images, graphics, logos, videos, architecture, icons and sounds.<\/p><p>Any reproduction, representation, modification, publication, adaptation of all or part of the elements of the site, whatever the means or process used, is prohibited without the prior written authorization of Devalez Patrice Le Domaine Devalez.<\/p><p>Toute exploitation non autoris\u00e9e du site ou de l'un quelconque des \u00e9l\u00e9ments qu'il contient sera consid\u00e9r\u00e9e comme constitutive d'une contrefa\u00e7on et poursuivie conform\u00e9ment aux dispositions des articles L.335-2 et suivants du Code de la Propri\u00e9t\u00e9 Intellectuelle.<\/p><p>3. Limitation de responsabilit\u00e9.<br \/>Devalez Patrice The Domaine Devalez cannot be held responsible for direct or indirect damage caused to the user&#8217;s equipment when accessing the site https:\/\/domainedevalez.fr\/.<\/p><p>Devalez Patrice The Domaine Devalez declines all responsibility for the use that may be made of the information and content present on https:\/\/domainedevalez.fr\/.<\/p><p>Devalez Patrice The Domaine Devalez undertakes to secure the site https:\/\/domainedevalez.fr\/ as well as possible, however its responsibility cannot be called into question if undesirable data is imported and installed on its site without its knowledge.<\/p><p>Interactive spaces (contact space or comments) are available to users. Devalez Patrice The Domaine Devalez reserves the right to delete, without prior notice, any content posted in this space that would contravene the legislation applicable in France, in particular the provisions relating to data protection.<\/p><p>If necessary, Devalez Patrice Le Domaine Devalez also reserves the right to question the civil and\/or criminal liability of the user, in particular in the event of a racist, abusive, defamatory or pornographic message, whatever the medium used (text, photograph, etc.).<\/p><p>4. CNIL et gestion des donn\u00e9es personnelles.<br \/>In accordance with the provisions of law 78-17 of January 6, 1978 as amended, the user of the site https:\/\/domainedevalez.fr\/ has a right to access, modify and delete the information collected. To exercise this right, send a message to our Data Protection Officer: Devalez Patrice \u2013 devalezpatrice@gmail.com.<\/p><p>For more information on how we process your data (type of data, purpose, recipient, etc.), read our https:\/\/domainedevalez.fr\/politique-de-cookies-eu\/.<\/p><p>5. Liens hypertextes et cookies<br \/>The site https:\/\/domainedevalez.fr\/ contains hypertext links to other sites and disclaims any liability regarding these external links or links created by other sites to https:\/\/domainedevalez.fr\/.<\/p><p>Browsing on the https:\/\/domainedevalez.fr\/ site is likely to cause the installation of cookie(s) on the user&#8217;s computer.<\/p><p>Un \u00ab cookie \u00bb est un petit fichier qui enregistre des informations relatives \u00e0 la navigation d'un utilisateur sur un site. Les donn\u00e9es ainsi obtenues permettent d'obtenir des mesures de fr\u00e9quentation, par exemple.<\/p><p>Vous avez la possibilit\u00e9 d'accepter ou de refuser les cookies en modifiant les param\u00e8tres de votre navigateur. Aucun cookie ne sera plac\u00e9 sans votre consentement.<\/p><p>Les cookies sont stock\u00e9s pour une dur\u00e9e maximale de 12 mois.<\/p><p>For more information on how we use cookies, read our https:\/\/domainedevalez.fr\/politique-de-cookies-eu\/.<\/p><p>6. Governing Law and Jurisdiction.<br \/>Any dispute in connection with the use of the site https:\/\/domainedevalez.fr\/ is subject to French law. Except in cases where the law does not allow it, exclusive jurisdiction is given to the competent courts of Les Sables d&#8217;Olonne.<\/p>\t\t\t\t\t\t<\/div>\n\t\t\t\t<\/div>\n\t\t\t\t\t<\/div>\n\t\t<\/div>\n\t\t\t\t\t<\/div>\n\t\t<\/section>\n\t\t\t\t<\/div>","protected":false},"excerpt":{"rendered":"<p>LEGAL NOTICE 1. Editing the siteUnder Article 6 of Law No. 2004-575 of June 21, 2004 on confidence in the digital economy, users of the website https:\/\/camillemassida\/ are informed of the identity of the various stakeholders in the framework for its implementation and monitoring: Site owner: Camille Massida Photography \u2013 Contact: camillemassidaphotography@gmail.com \u2013 Address: 9&hellip;&nbsp;<a href=\"https:\/\/www.camillemassida.com\/fr\/elementor-14085\/\" class=\"\" rel=\"bookmark\">Lire la suite &raquo;<span class=\"screen-reader-text\">Elementor #14085<\/span><\/a><\/p>","protected":false},"author":1,"featured_media":0,"parent":0,"menu_order":0,"comment_status":"closed","ping_status":"closed","template":"page-templates\/template-pagebuilder-full-width.php","meta":{"neve_meta_sidebar":"","neve_meta_container":"","neve_meta_enable_content_width":"","neve_meta_content_width":0,"neve_meta_title_alignment":"","neve_meta_author_avatar":"","neve_post_elements_order":"","neve_meta_disable_header":"","neve_meta_disable_footer":"","neve_meta_disable_title":"","footnotes":""},"_links":{"self":[{"href":"https:\/\/www.camillemassida.com\/fr\/wp-json\/wp\/v2\/pages\/14085"}],"collection":[{"href":"https:\/\/www.camillemassida.com\/fr\/wp-json\/wp\/v2\/pages"}],"about":[{"href":"https:\/\/www.camillemassida.com\/fr\/wp-json\/wp\/v2\/types\/page"}],"author":[{"embeddable":true,"href":"https:\/\/www.camillemassida.com\/fr\/wp-json\/wp\/v2\/users\/1"}],"replies":[{"embeddable":true,"href":"https:\/\/www.camillemassida.com\/fr\/wp-json\/wp\/v2\/comments?post=14085"}],"version-history":[{"count":4,"href":"https:\/\/www.camillemassida.com\/fr\/wp-json\/wp\/v2\/pages\/14085\/revisions"}],"predecessor-version":[{"id":14089,"href":"https:\/\/www.camillemassida.com\/fr\/wp-json\/wp\/v2\/pages\/14085\/revisions\/14089"}],"wp:attachment":[{"href":"https:\/\/www.camillemassida.com\/fr\/wp-json\/wp\/v2\/media?parent=14085"}],"curies":[{"name":"wp","href":"https:\/\/api.w.org\/{rel}","templated":true}]}}