{"id":10120,"date":"2023-02-14T15:21:53","date_gmt":"2023-02-14T15:21:53","guid":{"rendered":"https:\/\/www.camillemassida.com\/?page_id=10120"},"modified":"2023-05-10T09:31:43","modified_gmt":"2023-05-10T09:31:43","slug":"mentions-legales","status":"publish","type":"page","link":"https:\/\/www.camillemassida.com\/fr\/mentions-legales\/","title":{"rendered":"Mention l\u00e9gale"},"content":{"rendered":"<div data-elementor-type=\"wp-page\" data-elementor-id=\"10120\" class=\"elementor elementor-10120\" data-elementor-post-type=\"page\">\n\t\t\t\t\t\t<section class=\"elementor-section elementor-top-section elementor-element elementor-element-593d25c elementor-section-boxed elementor-section-height-default elementor-section-height-default\" data-id=\"593d25c\" data-element_type=\"section\">\n\t\t\t\t\t\t<div class=\"elementor-container elementor-column-gap-default\">\n\t\t\t\t\t<div class=\"elementor-column elementor-col-100 elementor-top-column elementor-element elementor-element-66546a0\" data-id=\"66546a0\" data-element_type=\"column\">\n\t\t\t<div class=\"elementor-widget-wrap elementor-element-populated\">\n\t\t\t\t\t\t<div class=\"elementor-element elementor-element-1c83db5 elementor-widget elementor-widget-spacer\" data-id=\"1c83db5\" data-element_type=\"widget\" data-widget_type=\"spacer.default\">\n\t\t\t\t<div class=\"elementor-widget-container\">\n\t\t\t<style>\/*! elementor - v3.20.0 - 20-03-2024 *\/\n.elementor-column .elementor-spacer-inner{height:var(--spacer-size)}.e-con{--container-widget-width:100%}.e-con-inner>.elementor-widget-spacer,.e-con>.elementor-widget-spacer{width:var(--container-widget-width,var(--spacer-size));--align-self:var(--container-widget-align-self,initial);--flex-shrink:0}.e-con-inner>.elementor-widget-spacer>.elementor-widget-container,.e-con>.elementor-widget-spacer>.elementor-widget-container{height:100%;width:100%}.e-con-inner>.elementor-widget-spacer>.elementor-widget-container>.elementor-spacer,.e-con>.elementor-widget-spacer>.elementor-widget-container>.elementor-spacer{height:100%}.e-con-inner>.elementor-widget-spacer>.elementor-widget-container>.elementor-spacer>.elementor-spacer-inner,.e-con>.elementor-widget-spacer>.elementor-widget-container>.elementor-spacer>.elementor-spacer-inner{height:var(--container-widget-height,var(--spacer-size))}.e-con-inner>.elementor-widget-spacer.elementor-widget-empty,.e-con>.elementor-widget-spacer.elementor-widget-empty{position:relative;min-height:22px;min-width:22px}.e-con-inner>.elementor-widget-spacer.elementor-widget-empty .elementor-widget-empty-icon,.e-con>.elementor-widget-spacer.elementor-widget-empty .elementor-widget-empty-icon{position:absolute;top:0;bottom:0;left:0;right:0;margin:auto;padding:0;width:22px;height:22px}<\/style>\t\t<div class=\"elementor-spacer\">\n\t\t\t<div class=\"elementor-spacer-inner\"><\/div>\n\t\t<\/div>\n\t\t\t\t<\/div>\n\t\t\t\t<\/div>\n\t\t\t\t\t<\/div>\n\t\t<\/div>\n\t\t\t\t\t<\/div>\n\t\t<\/section>\n\t\t\t\t<section class=\"elementor-section elementor-top-section elementor-element elementor-element-fce3e97 elementor-section-boxed elementor-section-height-default elementor-section-height-default\" data-id=\"fce3e97\" data-element_type=\"section\">\n\t\t\t\t\t\t<div class=\"elementor-container elementor-column-gap-default\">\n\t\t\t\t\t<div class=\"elementor-column elementor-col-100 elementor-top-column elementor-element elementor-element-e9269ca\" data-id=\"e9269ca\" data-element_type=\"column\">\n\t\t\t<div class=\"elementor-widget-wrap elementor-element-populated\">\n\t\t\t\t\t\t<div class=\"elementor-element elementor-element-3bf8d49 elementor-widget elementor-widget-e_image_hover_effects\" data-id=\"3bf8d49\" data-element_type=\"widget\" data-widget_type=\"e_image_hover_effects.default\">\n\t\t\t\t<div class=\"elementor-widget-container\">\n\t\t\t\t\t\t<div class=\"eihe-box eihe-fade-in-up eihe_center\">\n\t\t\t\t<img fetchpriority=\"high\" decoding=\"async\" width=\"2560\" height=\"1707\" src=\"https:\/\/www.camillemassida.com\/wp-content\/uploads\/2023\/01\/AROUND_MONT_BLANC\/CM_20200830_0264-scaled.jpg\" class=\"attachment-full size-full wp-image-1974\" alt=\"Around Mont Blanc by Camille Massida Photography\" srcset=\"https:\/\/www.camillemassida.com\/wp-content\/uploads\/2023\/01\/AROUND_MONT_BLANC\/CM_20200830_0264-scaled.jpg 2560w, https:\/\/www.camillemassida.com\/wp-content\/uploads\/2023\/01\/AROUND_MONT_BLANC\/CM_20200830_0264-scaled-600x400.jpg 600w, https:\/\/www.camillemassida.com\/wp-content\/uploads\/2023\/01\/AROUND_MONT_BLANC\/CM_20200830_0264-300x200.jpg 300w, https:\/\/www.camillemassida.com\/wp-content\/uploads\/2023\/01\/AROUND_MONT_BLANC\/CM_20200830_0264-1024x683.jpg 1024w, https:\/\/www.camillemassida.com\/wp-content\/uploads\/2023\/01\/AROUND_MONT_BLANC\/CM_20200830_0264-768x512.jpg 768w, https:\/\/www.camillemassida.com\/wp-content\/uploads\/2023\/01\/AROUND_MONT_BLANC\/CM_20200830_0264-1536x1024.jpg 1536w, https:\/\/www.camillemassida.com\/wp-content\/uploads\/2023\/01\/AROUND_MONT_BLANC\/CM_20200830_0264-2048x1365.jpg 2048w, https:\/\/www.camillemassida.com\/wp-content\/uploads\/2023\/01\/AROUND_MONT_BLANC\/CM_20200830_0264-18x12.jpg 18w, https:\/\/www.camillemassida.com\/wp-content\/uploads\/2023\/01\/AROUND_MONT_BLANC\/CM_20200830_0264-930x620.jpg 930w\" sizes=\"(max-width: 2560px) 100vw, 2560px\" \/>\t\t\t\t<div class=\"eihe-caption\">\n\t\t\t\t\t<div class=\"eihe-title-cover\">\n\t\t\t\t\t\t\t\t\t\t\t\t<h3 class=\"eihe-title\">Mention l\u00e9gale<\/h3>\n\t\t\t\t\t\t\t\t\t\t\t<\/div>\n\t\t\t\t\t<p><\/p>\n\t\t\t\t<\/div>\n\t\t\t<\/div>\n\t\t\t\t<\/div>\n\t\t\t\t<\/div>\n\t\t\t\t\t<\/div>\n\t\t<\/div>\n\t\t\t\t\t<\/div>\n\t\t<\/section>\n\t\t\t\t<section class=\"elementor-section elementor-top-section elementor-element elementor-element-aca44dd elementor-section-boxed elementor-section-height-default elementor-section-height-default\" data-id=\"aca44dd\" data-element_type=\"section\">\n\t\t\t\t\t\t<div class=\"elementor-container elementor-column-gap-default\">\n\t\t\t\t\t<div class=\"elementor-column elementor-col-100 elementor-top-column elementor-element elementor-element-63f1c9a\" data-id=\"63f1c9a\" data-element_type=\"column\">\n\t\t\t<div class=\"elementor-widget-wrap elementor-element-populated\">\n\t\t\t\t\t\t<div class=\"elementor-element elementor-element-201a8e0 elementor-widget elementor-widget-text-editor\" data-id=\"201a8e0\" data-element_type=\"widget\" data-widget_type=\"text-editor.default\">\n\t\t\t\t<div class=\"elementor-widget-container\">\n\t\t\t<style>\/*! elementor - v3.20.0 - 20-03-2024 *\/\n.elementor-widget-text-editor.elementor-drop-cap-view-stacked .elementor-drop-cap{background-color:#69727d;color:#fff}.elementor-widget-text-editor.elementor-drop-cap-view-framed .elementor-drop-cap{color:#69727d;border:3px solid;background-color:transparent}.elementor-widget-text-editor:not(.elementor-drop-cap-view-default) .elementor-drop-cap{margin-top:8px}.elementor-widget-text-editor:not(.elementor-drop-cap-view-default) .elementor-drop-cap-letter{width:1em;height:1em}.elementor-widget-text-editor .elementor-drop-cap{float:left;text-align:center;line-height:1;font-size:50px}.elementor-widget-text-editor .elementor-drop-cap-letter{display:inline-block}<\/style>\t\t\t\t<h2>1. Modification du site<\/h2><p>Conform\u00e9ment \u00e0 l'article 6 de la loi n\u00b0 2004-575 du 21 juin 2004 pour la confiance dans l'\u00e9conomie num\u00e9rique, les utilisateurs du site https:\/\/camillemassida.com\/ sont inform\u00e9s de l'identit\u00e9 des diff\u00e9rents intervenants. dans le cadre de sa mise en \u0153uvre et de son suivi :<\/p><p>Propri\u00e9taire du site : Camille Massida Photography \u2013 Contact : camillemassidaphotography@gmail.com 9 RUE JEAN FRANCOIS GERBILLON<br \/>75006 PARIS.<\/p><p>Identification de la soci\u00e9t\u00e9 : Camille Massida Photographie \u2013 SIREN : 881401004 \u2013 Adresse postale : 9 RUE JEAN FRANCOIS GERBILLON<br \/>75006 PARIS \u2013 https:\/\/camillemassida.com<\/p><p>Directeur de la publication : Camille Massida Photography \u2013 Contact : camillemassidaphotography@gmail.com.<\/p><p>H\u00e9bergeur : Team Helper 7 Place Cl\u00e9ment Plane Oraison Alpes de Haute Provence 04700\u00a0<\/p><p>D\u00e9l\u00e9gu\u00e9 \u00e0 la protection des donn\u00e9es : Camille Massida Photography \u2013 camillemassidaphotography@gmail.com<\/p><p>Autres contributeurs : Synapse Creation<\/p><h2>2. Propri\u00e9t\u00e9 intellectuelle et infractions.<\/h2><p>Camille Massida Photography est propri\u00e9taire des droits de propri\u00e9t\u00e9 intellectuelle et d\u00e9tient les droits d'usage sur tous les \u00e9l\u00e9ments accessibles sur le site, notamment les textes, images, graphismes, logos, vid\u00e9os, architectures, ic\u00f4nes et sons.<\/p><p>Toute reproduction, repr\u00e9sentation, modification, publication, adaptation de tout ou partie des \u00e9l\u00e9ments du site, quel que soit le moyen ou le proc\u00e9d\u00e9 utilis\u00e9, est interdite, sauf autorisation \u00e9crite pr\u00e9alable de Camille Massida Photography.<\/p><p>Toute exploitation non autoris\u00e9e du site ou de l'un quelconque des \u00e9l\u00e9ments qu'il contient sera consid\u00e9r\u00e9e comme constitutive d'une contrefa\u00e7on et poursuivie conform\u00e9ment aux dispositions des articles L.335-2 et suivants du Code de la Propri\u00e9t\u00e9 Intellectuelle.<\/p><h2>3. Limitation de responsabilit\u00e9.<\/h2><p>Camille Massida Photography ne pourra \u00eatre tenue responsable des dommages directs et indirects caus\u00e9s au mat\u00e9riel de l'utilisateur, lors de l'acc\u00e8s au site https:\/\/camillemassida.com.<\/p><p>Camille Massida Photography d\u00e9cline toute responsabilit\u00e9 quant \u00e0 l'utilisation qui peut \u00eatre faite des informations et contenus pr\u00e9sents sur https:\/\/camillemassida.com.<\/p><p>Camille Massida Photography s'engage \u00e0 s\u00e9curiser au mieux le site https:\/\/camillemassida.com, cependant sa responsabilit\u00e9 ne pourra \u00eatre mise en cause si des donn\u00e9es ind\u00e9sirables sont import\u00e9es et install\u00e9es sur son site \u00e0 son insu.<\/p><p>Des espaces interactifs (espace contact ou commentaires) sont \u00e0 la disposition des utilisateurs. Camille Massida Photography se r\u00e9serve le droit de supprimer, sans mise en demeure pr\u00e9alable, tout contenu d\u00e9pos\u00e9 dans cet espace qui contreviendrait \u00e0 la l\u00e9gislation applicable en France, en particulier aux dispositions relatives \u00e0 la protection des donn\u00e9es.<\/p><p>Le cas \u00e9ch\u00e9ant, Camille Massida Photography se r\u00e9serve \u00e9galement le droit de mettre en cause la responsabilit\u00e9 civile et\/ou p\u00e9nale de l'utilisateur, notamment en cas de message \u00e0 caract\u00e8re raciste, injurieux, diffamatoire ou pornographique, quel que soit le support utilis\u00e9 (texte, photographie, etc. ).<\/p><h2>4. CNIL et gestion des donn\u00e9es personnelles.<\/h2><p>Conform\u00e9ment aux dispositions de la loi 78-17 du 6 janvier 1978 modifi\u00e9e, l'utilisateur du site https:\/\/camillemassida.com dispose d'un droit d'acc\u00e8s, de modification et de suppression des informations collect\u00e9es. Pour exercer ce droit, adressez un message \u00e0 notre d\u00e9l\u00e9gu\u00e9 \u00e0 la protection des donn\u00e9es : Camille Massida Photography \u2013 camillemassidaphotography@gmail.com.<\/p><p>Pour plus d'informations sur la mani\u00e8re dont nous traitons vos donn\u00e9es (type de donn\u00e9es, finalit\u00e9, destinataire, etc.), lisez notre <a href=\"https:\/\/www.camillemassida.com\/fr\/cookie-policy-eu\/\">https:\/\/www.camillemassida.com\/cookie-policy-eu\/<\/a>.<\/p><h2>5. Liens hypertextes et cookies<\/h2><p>Le site https:\/\/www.camillemassida.com contient des liens hypertextes vers d'autres sites et d\u00e9cline toute responsabilit\u00e9 concernant ces liens externes ou cr\u00e9\u00e9s par d'autres sites vers https:\/\/www.camillemassida.com.<\/p><p>La navigation sur le site https:\/\/www.camillemassida.com\/ est susceptible de provoquer l'installation de cookie(s) sur l'ordinateur de l'utilisateur.<\/p><p>Un \u00ab cookie \u00bb est un petit fichier qui enregistre des informations relatives \u00e0 la navigation d'un utilisateur sur un site. Les donn\u00e9es ainsi obtenues permettent d'obtenir des mesures de fr\u00e9quentation, par exemple.<\/p><p>Vous avez la possibilit\u00e9 d'accepter ou de refuser les cookies en modifiant les param\u00e8tres de votre navigateur. Aucun cookie ne sera plac\u00e9 sans votre consentement.<\/p><p>Les cookies sont stock\u00e9s pour une dur\u00e9e maximale de 12 mois.<\/p><p>Pour plus d'informations sur la fa\u00e7on dont nous utilisons les cookies, lisez notre <a href=\"https:\/\/www.camillemassida.com\/fr\/cookie-policy-eu\/\">https:\/\/www.camillemassida.com\/cookie-policy-eu\/<\/a>.<\/p>\t\t\t\t\t\t<\/div>\n\t\t\t\t<\/div>\n\t\t\t\t\t<\/div>\n\t\t<\/div>\n\t\t\t\t\t<\/div>\n\t\t<\/section>\n\t\t\t\t<\/div>","protected":false},"excerpt":{"rendered":"<p>Legal Notice 1. Editing the site Under Article 6 of Law No. 2004-575 of June 21, 2004 on confidence in the digital economy, users of the website https:\/\/camillemassida.com\/ are informed of the identity of the various stakeholders. as part of its implementation and monitoring: Site owner: Camille Massida Photography \u2013 Contact: camillemassidaphotography@gmail.com 9 RUE JEAN&hellip;&nbsp;<a href=\"https:\/\/www.camillemassida.com\/fr\/mentions-legales\/\" class=\"\" rel=\"bookmark\">Lire la suite &raquo;<span class=\"screen-reader-text\">Mention l\u00e9gale<\/span><\/a><\/p>","protected":false},"author":1,"featured_media":0,"parent":0,"menu_order":0,"comment_status":"closed","ping_status":"closed","template":"page-templates\/template-pagebuilder-full-width.php","meta":{"neve_meta_sidebar":"","neve_meta_container":"","neve_meta_enable_content_width":"","neve_meta_content_width":0,"neve_meta_title_alignment":"","neve_meta_author_avatar":"","neve_post_elements_order":"","neve_meta_disable_header":"","neve_meta_disable_footer":"","neve_meta_disable_title":"","footnotes":""},"_links":{"self":[{"href":"https:\/\/www.camillemassida.com\/fr\/wp-json\/wp\/v2\/pages\/10120"}],"collection":[{"href":"https:\/\/www.camillemassida.com\/fr\/wp-json\/wp\/v2\/pages"}],"about":[{"href":"https:\/\/www.camillemassida.com\/fr\/wp-json\/wp\/v2\/types\/page"}],"author":[{"embeddable":true,"href":"https:\/\/www.camillemassida.com\/fr\/wp-json\/wp\/v2\/users\/1"}],"replies":[{"embeddable":true,"href":"https:\/\/www.camillemassida.com\/fr\/wp-json\/wp\/v2\/comments?post=10120"}],"version-history":[{"count":23,"href":"https:\/\/www.camillemassida.com\/fr\/wp-json\/wp\/v2\/pages\/10120\/revisions"}],"predecessor-version":[{"id":14799,"href":"https:\/\/www.camillemassida.com\/fr\/wp-json\/wp\/v2\/pages\/10120\/revisions\/14799"}],"wp:attachment":[{"href":"https:\/\/www.camillemassida.com\/fr\/wp-json\/wp\/v2\/media?parent=10120"}],"curies":[{"name":"wp","href":"https:\/\/api.w.org\/{rel}","templated":true}]}}